{"id":3658,"date":"2024-06-04T17:27:54","date_gmt":"2024-06-04T15:27:54","guid":{"rendered":"https:\/\/avanzatraducciones.com\/?page_id=3658"},"modified":"2024-10-21T18:22:46","modified_gmt":"2024-10-21T16:22:46","slug":"contact","status":"publish","type":"page","link":"https:\/\/avanzatraducciones.com\/fr\/les-traductions-font-progresser-les-services-linguistiques\/contact\/","title":{"rendered":"CONTACT"},"content":{"rendered":"\t\t<div data-elementor-type=\"wp-page\" data-elementor-id=\"3658\" class=\"elementor elementor-3658 elementor-2391\" data-elementor-post-type=\"page\">\n\t\t\t\t<div class=\"elementor-element elementor-element-b90396a e-flex e-con-boxed e-con e-parent\" data-id=\"b90396a\" data-element_type=\"container\">\n\t\t\t\t\t<div class=\"e-con-inner\">\n\t\t<div class=\"elementor-element elementor-element-4a3eb8e e-con-full e-flex e-con e-child\" data-id=\"4a3eb8e\" data-element_type=\"container\">\n\t\t\t\t<div class=\"elementor-element elementor-element-ed87ce3 elementor-widget elementor-widget-text-editor\" data-id=\"ed87ce3\" data-element_type=\"widget\" data-widget_type=\"text-editor.default\">\n\t\t\t\t<div class=\"elementor-widget-container\">\n\t\t\t<style>\/*! elementor - v3.21.0 - 20-05-2024 *\/\n.elementor-widget-text-editor.elementor-drop-cap-view-stacked .elementor-drop-cap{background-color:#69727d;color:#fff}.elementor-widget-text-editor.elementor-drop-cap-view-framed .elementor-drop-cap{color:#69727d;border:3px solid;background-color:transparent}.elementor-widget-text-editor:not(.elementor-drop-cap-view-default) .elementor-drop-cap{margin-top:8px}.elementor-widget-text-editor:not(.elementor-drop-cap-view-default) .elementor-drop-cap-letter{width:1em;height:1em}.elementor-widget-text-editor .elementor-drop-cap{float:left;text-align:center;line-height:1;font-size:50px}.elementor-widget-text-editor .elementor-drop-cap-letter{display:inline-block}<\/style>\t\t\t\t<p><strong><em>Nous sommes toujours \u00e0 vos c\u00f4t\u00e9s et travaillons pour vous offrir la meilleure qualit\u00e9 dans tous nos services.<\/em><\/strong><\/p><h3>Espagne<\/h3><p>D\u00c9PARTEMENT COMMERCIAL<\/p>\t\t\t\t\t\t<\/div>\n\t\t\t\t<\/div>\n\t\t\t\t<div class=\"elementor-element elementor-element-aa118e1 elementor-widget__width-initial elementor-icon-list--layout-traditional elementor-list-item-link-full_width elementor-widget elementor-widget-icon-list\" data-id=\"aa118e1\" data-element_type=\"widget\" data-widget_type=\"icon-list.default\">\n\t\t\t\t<div class=\"elementor-widget-container\">\n\t\t\t<link rel=\"stylesheet\" href=\"https:\/\/avanzatraducciones.com\/wp-content\/plugins\/elementor\/assets\/css\/widget-icon-list.min.css\">\t\t<ul class=\"elementor-icon-list-items\">\n\t\t\t\t\t\t\t<li class=\"elementor-icon-list-item\">\n\t\t\t\t\t\t\t\t\t\t\t<a href=\"tel:+34915061636\">\n\n\t\t\t\t\t\t\t\t\t\t\t\t<span class=\"elementor-icon-list-icon\">\n\t\t\t\t\t\t\t<svg aria-hidden=\"true\" class=\"e-font-icon-svg e-fas-phone-alt\" viewBox=\"0 0 512 512\" xmlns=\"http:\/\/www.w3.org\/2000\/svg\"><path d=\"M497.39 361.8l-112-48a24 24 0 0 0-28 6.9l-49.6 60.6A370.66 370.66 0 0 1 130.6 204.11l60.6-49.6a23.94 23.94 0 0 0 6.9-28l-48-112A24.16 24.16 0 0 0 122.6.61l-104 24A24 24 0 0 0 0 48c0 256.5 207.9 464 464 464a24 24 0 0 0 23.4-18.6l24-104a24.29 24.29 0 0 0-14.01-27.6z\"><\/path><\/svg>\t\t\t\t\t\t<\/span>\n\t\t\t\t\t\t\t\t\t\t<span class=\"elementor-icon-list-text\">+34 915 061 636<\/span>\n\t\t\t\t\t\t\t\t\t\t\t<\/a>\n\t\t\t\t\t\t\t\t\t<\/li>\n\t\t\t\t\t\t\t\t<li class=\"elementor-icon-list-item\">\n\t\t\t\t\t\t\t\t\t\t\t<a href=\"\">\n\n\t\t\t\t\t\t\t\t\t\t\t\t<span class=\"elementor-icon-list-icon\">\n\t\t\t\t\t\t\t<svg aria-hidden=\"true\" class=\"e-font-icon-svg e-fab-whatsapp-square\" viewBox=\"0 0 448 512\" xmlns=\"http:\/\/www.w3.org\/2000\/svg\"><path d=\"M224 122.8c-72.7 0-131.8 59.1-131.9 131.8 0 24.9 7 49.2 20.2 70.1l3.1 5-13.3 48.6 49.9-13.1 4.8 2.9c20.2 12 43.4 18.4 67.1 18.4h.1c72.6 0 133.3-59.1 133.3-131.8 0-35.2-15.2-68.3-40.1-93.2-25-25-58-38.7-93.2-38.7zm77.5 188.4c-3.3 9.3-19.1 17.7-26.7 18.8-12.6 1.9-22.4.9-47.5-9.9-39.7-17.2-65.7-57.2-67.7-59.8-2-2.6-16.2-21.5-16.2-41s10.2-29.1 13.9-33.1c3.6-4 7.9-5 10.6-5 2.6 0 5.3 0 7.6.1 2.4.1 5.7-.9 8.9 6.8 3.3 7.9 11.2 27.4 12.2 29.4s1.7 4.3.3 6.9c-7.6 15.2-15.7 14.6-11.6 21.6 15.3 26.3 30.6 35.4 53.9 47.1 4 2 6.3 1.7 8.6-1 2.3-2.6 9.9-11.6 12.5-15.5 2.6-4 5.3-3.3 8.9-2 3.6 1.3 23.1 10.9 27.1 12.9s6.6 3 7.6 4.6c.9 1.9.9 9.9-2.4 19.1zM400 32H48C21.5 32 0 53.5 0 80v352c0 26.5 21.5 48 48 48h352c26.5 0 48-21.5 48-48V80c0-26.5-21.5-48-48-48zM223.9 413.2c-26.6 0-52.7-6.7-75.8-19.3L64 416l22.5-82.2c-13.9-24-21.2-51.3-21.2-79.3C65.4 167.1 136.5 96 223.9 96c42.4 0 82.2 16.5 112.2 46.5 29.9 30 47.9 69.8 47.9 112.2 0 87.4-72.7 158.5-160.1 158.5z\"><\/path><\/svg>\t\t\t\t\t\t<\/span>\n\t\t\t\t\t\t\t\t\t\t<span class=\"elementor-icon-list-text\">+34 615 339 070<\/span>\n\t\t\t\t\t\t\t\t\t\t\t<\/a>\n\t\t\t\t\t\t\t\t\t<\/li>\n\t\t\t\t\t\t\t\t<li class=\"elementor-icon-list-item\">\n\t\t\t\t\t\t\t\t\t\t\t<a href=\"tel:+34615339070\">\n\n\t\t\t\t\t\t\t\t\t\t\t\t<span class=\"elementor-icon-list-icon\">\n\t\t\t\t\t\t\t<svg aria-hidden=\"true\" class=\"e-font-icon-svg e-fas-mobile-alt\" viewBox=\"0 0 320 512\" xmlns=\"http:\/\/www.w3.org\/2000\/svg\"><path d=\"M272 0H48C21.5 0 0 21.5 0 48v416c0 26.5 21.5 48 48 48h224c26.5 0 48-21.5 48-48V48c0-26.5-21.5-48-48-48zM160 480c-17.7 0-32-14.3-32-32s14.3-32 32-32 32 14.3 32 32-14.3 32-32 32zm112-108c0 6.6-5.4 12-12 12H60c-6.6 0-12-5.4-12-12V60c0-6.6 5.4-12 12-12h200c6.6 0 12 5.4 12 12v312z\"><\/path><\/svg>\t\t\t\t\t\t<\/span>\n\t\t\t\t\t\t\t\t\t\t<span class=\"elementor-icon-list-text\">+34 615 339 070<\/span>\n\t\t\t\t\t\t\t\t\t\t\t<\/a>\n\t\t\t\t\t\t\t\t\t<\/li>\n\t\t\t\t\t\t\t\t<li class=\"elementor-icon-list-item\">\n\t\t\t\t\t\t\t\t\t\t\t<a href=\"mailto:info@avanzatraducciones.com\">\n\n\t\t\t\t\t\t\t\t\t\t\t\t<span class=\"elementor-icon-list-icon\">\n\t\t\t\t\t\t\t<svg aria-hidden=\"true\" class=\"e-font-icon-svg e-fas-envelope\" viewBox=\"0 0 512 512\" xmlns=\"http:\/\/www.w3.org\/2000\/svg\"><path d=\"M502.3 190.8c3.9-3.1 9.7-.2 9.7 4.7V400c0 26.5-21.5 48-48 48H48c-26.5 0-48-21.5-48-48V195.6c0-5 5.7-7.8 9.7-4.7 22.4 17.4 52.1 39.5 154.1 113.6 21.1 15.4 56.7 47.8 92.2 47.6 35.7.3 72-32.8 92.3-47.6 102-74.1 131.6-96.3 154-113.7zM256 320c23.2.4 56.6-29.2 73.4-41.4 132.7-96.3 142.8-104.7 173.4-128.7 5.8-4.5 9.2-11.5 9.2-18.9v-19c0-26.5-21.5-48-48-48H48C21.5 64 0 85.5 0 112v19c0 7.4 3.4 14.3 9.2 18.9 30.6 23.9 40.7 32.4 173.4 128.7 16.8 12.2 50.2 41.8 73.4 41.4z\"><\/path><\/svg>\t\t\t\t\t\t<\/span>\n\t\t\t\t\t\t\t\t\t\t<span class=\"elementor-icon-list-text\">info@avanzatraducciones.com<\/span>\n\t\t\t\t\t\t\t\t\t\t\t<\/a>\n\t\t\t\t\t\t\t\t\t<\/li>\n\t\t\t\t\t\t\t\t<li class=\"elementor-icon-list-item\">\n\t\t\t\t\t\t\t\t\t\t\t<a href=\"mailto:info@avanzatraducciones.com\">\n\n\t\t\t\t\t\t\t\t\t\t\t\t<span class=\"elementor-icon-list-icon\">\n\t\t\t\t\t\t\t<svg aria-hidden=\"true\" class=\"e-font-icon-svg e-fas-clock\" viewBox=\"0 0 512 512\" xmlns=\"http:\/\/www.w3.org\/2000\/svg\"><path d=\"M256,8C119,8,8,119,8,256S119,504,256,504,504,393,504,256,393,8,256,8Zm92.49,313h0l-20,25a16,16,0,0,1-22.49,2.5h0l-67-49.72a40,40,0,0,1-15-31.23V112a16,16,0,0,1,16-16h32a16,16,0,0,1,16,16V256l58,42.5A16,16,0,0,1,348.49,321Z\"><\/path><\/svg>\t\t\t\t\t\t<\/span>\n\t\t\t\t\t\t\t\t\t\t<span class=\"elementor-icon-list-text\">\u2022\tdu lundi au vendredi de 08h30 \u00e0 19h30.<\/span>\n\t\t\t\t\t\t\t\t\t\t\t<\/a>\n\t\t\t\t\t\t\t\t\t<\/li>\n\t\t\t\t\t\t<\/ul>\n\t\t\t\t<\/div>\n\t\t\t\t<\/div>\n\t\t\t\t<div class=\"elementor-element elementor-element-d838113 elementor-widget elementor-widget-text-editor\" data-id=\"d838113\" data-element_type=\"widget\" data-widget_type=\"text-editor.default\">\n\t\t\t\t<div class=\"elementor-widget-container\">\n\t\t\t\t\t\t\t<p>Si vous souhaitez demander un <strong>devis <\/strong>ou si vous avez besoin <strong>d&#8217;informations <\/strong>sur le service souhait\u00e9, vous pouvez \u00e9galement remplir le formulaire suivant. En raison de la politique de protection des donn\u00e9es, vous ne pourrez pas t\u00e9l\u00e9charger de documents via ce formulaire, mais ne vous inqui\u00e9tez pas, nous nous engageons \u00e0 <strong>vous contacter<\/strong> \u00e0 l&#8217;aide des coordonn\u00e9es fournies et nous vous donnerons toutes les informations dont vous avez besoin.<\/p>\t\t\t\t\t\t<\/div>\n\t\t\t\t<\/div>\n\t\t\t\t<\/div>\n\t\t<div class=\"elementor-element elementor-element-57b3fc4 e-con-full e-flex e-con e-child\" data-id=\"57b3fc4\" data-element_type=\"container\">\n\t\t<div class=\"elementor-element elementor-element-eaa1798 e-flex e-con-boxed e-con e-child\" data-id=\"eaa1798\" data-element_type=\"container\" data-settings=\"{&quot;background_background&quot;:&quot;classic&quot;}\">\n\t\t\t\t\t<div class=\"e-con-inner\">\n\t\t\t\t\t<\/div>\n\t\t\t\t<\/div>\n\t\t\t\t<\/div>\n\t\t\t\t\t<\/div>\n\t\t\t\t<\/div>\n\t\t\t\t<\/div>\n\t\t","protected":false},"excerpt":{"rendered":"<p>Nous sommes toujours \u00e0 vos c\u00f4t\u00e9s et travaillons pour vous offrir la meilleure qualit\u00e9 dans tous nos services. Espagne D\u00c9PARTEMENT COMMERCIAL +34 915 061 636 +34 615 339 070 +34 615 339 070 info@avanzatraducciones.com \u2022 du lundi au vendredi de 08h30 \u00e0 19h30. Si vous souhaitez demander un devis ou si vous avez besoin d&#8217;informations [&hellip;]<\/p>\n","protected":false},"author":2,"featured_media":3256,"parent":2146,"menu_order":0,"comment_status":"closed","ping_status":"closed","template":"","meta":{"_joinchat":[],"footnotes":""},"class_list":["post-3658","page","type-page","status-publish","has-post-thumbnail","hentry"],"yoast_head":"<!-- This site is optimized with the Yoast SEO plugin v22.8 - https:\/\/yoast.com\/wordpress\/plugins\/seo\/ -->\n<title>CONTACT - Avanza Traducciones<\/title>\n<meta name=\"robots\" content=\"index, follow, max-snippet:-1, max-image-preview:large, max-video-preview:-1\" \/>\n<link rel=\"canonical\" href=\"https:\/\/avanzatraducciones.com\/fr\/les-traductions-font-progresser-les-services-linguistiques\/contact\/\" \/>\n<meta property=\"og:locale\" content=\"fr_FR\" \/>\n<meta property=\"og:type\" content=\"article\" \/>\n<meta property=\"og:title\" content=\"CONTACT - Avanza Traducciones\" \/>\n<meta property=\"og:description\" content=\"Nous sommes toujours \u00e0 vos c\u00f4t\u00e9s et travaillons pour vous offrir la meilleure qualit\u00e9 dans tous nos services. Espagne D\u00c9PARTEMENT COMMERCIAL +34 915 061 636 +34 615 339 070 +34 615 339 070 info@avanzatraducciones.com \u2022 du lundi au vendredi de 08h30 \u00e0 19h30. Si vous souhaitez demander un devis ou si vous avez besoin d&#8217;informations [&hellip;]\" \/>\n<meta property=\"og:url\" content=\"https:\/\/avanzatraducciones.com\/fr\/les-traductions-font-progresser-les-services-linguistiques\/contact\/\" \/>\n<meta property=\"og:site_name\" content=\"Avanza Traducciones\" \/>\n<meta property=\"article:modified_time\" content=\"2024-10-21T16:22:46+00:00\" \/>\n<meta property=\"og:image\" content=\"http:\/\/avanzatraducciones.com\/wp-content\/uploads\/2024\/06\/network-5881559_1280.jpg\" \/>\n\t<meta property=\"og:image:width\" content=\"1280\" \/>\n\t<meta property=\"og:image:height\" content=\"768\" \/>\n\t<meta property=\"og:image:type\" content=\"image\/jpeg\" \/>\n<meta name=\"twitter:card\" content=\"summary_large_image\" \/>\n<meta name=\"twitter:label1\" content=\"Dur\u00e9e de lecture estim\u00e9e\" \/>\n\t<meta name=\"twitter:data1\" content=\"1 minute\" \/>\n<script type=\"application\/ld+json\" class=\"yoast-schema-graph\">{\"@context\":\"https:\/\/schema.org\",\"@graph\":[{\"@type\":\"WebPage\",\"@id\":\"https:\/\/avanzatraducciones.com\/fr\/les-traductions-font-progresser-les-services-linguistiques\/contact\/\",\"url\":\"https:\/\/avanzatraducciones.com\/fr\/les-traductions-font-progresser-les-services-linguistiques\/contact\/\",\"name\":\"CONTACT - Avanza Traducciones\",\"isPartOf\":{\"@id\":\"https:\/\/avanzatraducciones.com\/#website\"},\"primaryImageOfPage\":{\"@id\":\"https:\/\/avanzatraducciones.com\/fr\/les-traductions-font-progresser-les-services-linguistiques\/contact\/#primaryimage\"},\"image\":{\"@id\":\"https:\/\/avanzatraducciones.com\/fr\/les-traductions-font-progresser-les-services-linguistiques\/contact\/#primaryimage\"},\"thumbnailUrl\":\"https:\/\/avanzatraducciones.com\/wp-content\/uploads\/2024\/06\/network-5881559_1280.jpg\",\"datePublished\":\"2024-06-04T15:27:54+00:00\",\"dateModified\":\"2024-10-21T16:22:46+00:00\",\"breadcrumb\":{\"@id\":\"https:\/\/avanzatraducciones.com\/fr\/les-traductions-font-progresser-les-services-linguistiques\/contact\/#breadcrumb\"},\"inLanguage\":\"fr-FR\",\"potentialAction\":[{\"@type\":\"ReadAction\",\"target\":[\"https:\/\/avanzatraducciones.com\/fr\/les-traductions-font-progresser-les-services-linguistiques\/contact\/\"]}]},{\"@type\":\"ImageObject\",\"inLanguage\":\"fr-FR\",\"@id\":\"https:\/\/avanzatraducciones.com\/fr\/les-traductions-font-progresser-les-services-linguistiques\/contact\/#primaryimage\",\"url\":\"https:\/\/avanzatraducciones.com\/wp-content\/uploads\/2024\/06\/network-5881559_1280.jpg\",\"contentUrl\":\"https:\/\/avanzatraducciones.com\/wp-content\/uploads\/2024\/06\/network-5881559_1280.jpg\",\"width\":1280,\"height\":768},{\"@type\":\"BreadcrumbList\",\"@id\":\"https:\/\/avanzatraducciones.com\/fr\/les-traductions-font-progresser-les-services-linguistiques\/contact\/#breadcrumb\",\"itemListElement\":[{\"@type\":\"ListItem\",\"position\":1,\"name\":\"Portada\",\"item\":\"https:\/\/avanzatraducciones.com\/\"},{\"@type\":\"ListItem\",\"position\":2,\"name\":\"Les traductions font progresser les services linguistiques\",\"item\":\"https:\/\/avanzatraducciones.com\/\"},{\"@type\":\"ListItem\",\"position\":3,\"name\":\"CONTACT\"}]},{\"@type\":\"WebSite\",\"@id\":\"https:\/\/avanzatraducciones.com\/#website\",\"url\":\"https:\/\/avanzatraducciones.com\/\",\"name\":\"Avanza Traducciones\",\"description\":\"Agencia de Traducciones, Interpretaci\u00f3n y Transcripciones\",\"publisher\":{\"@id\":\"https:\/\/avanzatraducciones.com\/#organization\"},\"potentialAction\":[{\"@type\":\"SearchAction\",\"target\":{\"@type\":\"EntryPoint\",\"urlTemplate\":\"https:\/\/avanzatraducciones.com\/?s={search_term_string}\"},\"query-input\":\"required name=search_term_string\"}],\"inLanguage\":\"fr-FR\"},{\"@type\":\"Organization\",\"@id\":\"https:\/\/avanzatraducciones.com\/#organization\",\"name\":\"Avanza Traducciones\",\"url\":\"https:\/\/avanzatraducciones.com\/\",\"logo\":{\"@type\":\"ImageObject\",\"inLanguage\":\"fr-FR\",\"@id\":\"https:\/\/avanzatraducciones.com\/#\/schema\/logo\/image\/\",\"url\":\"https:\/\/avanzatraducciones.com\/wp-content\/uploads\/2024\/05\/logo-avanza-traducciones-blanco-rojo-80.png\",\"contentUrl\":\"https:\/\/avanzatraducciones.com\/wp-content\/uploads\/2024\/05\/logo-avanza-traducciones-blanco-rojo-80.png\",\"width\":262,\"height\":90,\"caption\":\"Avanza Traducciones\"},\"image\":{\"@id\":\"https:\/\/avanzatraducciones.com\/#\/schema\/logo\/image\/\"}}]}<\/script>\n<!-- \/ Yoast SEO plugin. -->","yoast_head_json":{"title":"CONTACT - Avanza Traducciones","robots":{"index":"index","follow":"follow","max-snippet":"max-snippet:-1","max-image-preview":"max-image-preview:large","max-video-preview":"max-video-preview:-1"},"canonical":"https:\/\/avanzatraducciones.com\/fr\/les-traductions-font-progresser-les-services-linguistiques\/contact\/","og_locale":"fr_FR","og_type":"article","og_title":"CONTACT - Avanza Traducciones","og_description":"Nous sommes toujours \u00e0 vos c\u00f4t\u00e9s et travaillons pour vous offrir la meilleure qualit\u00e9 dans tous nos services. Espagne D\u00c9PARTEMENT COMMERCIAL +34 915 061 636 +34 615 339 070 +34 615 339 070 info@avanzatraducciones.com \u2022 du lundi au vendredi de 08h30 \u00e0 19h30. Si vous souhaitez demander un devis ou si vous avez besoin d&#8217;informations [&hellip;]","og_url":"https:\/\/avanzatraducciones.com\/fr\/les-traductions-font-progresser-les-services-linguistiques\/contact\/","og_site_name":"Avanza Traducciones","article_modified_time":"2024-10-21T16:22:46+00:00","og_image":[{"width":1280,"height":768,"url":"http:\/\/avanzatraducciones.com\/wp-content\/uploads\/2024\/06\/network-5881559_1280.jpg","type":"image\/jpeg"}],"twitter_card":"summary_large_image","twitter_misc":{"Dur\u00e9e de lecture estim\u00e9e":"1 minute"},"schema":{"@context":"https:\/\/schema.org","@graph":[{"@type":"WebPage","@id":"https:\/\/avanzatraducciones.com\/fr\/les-traductions-font-progresser-les-services-linguistiques\/contact\/","url":"https:\/\/avanzatraducciones.com\/fr\/les-traductions-font-progresser-les-services-linguistiques\/contact\/","name":"CONTACT - Avanza Traducciones","isPartOf":{"@id":"https:\/\/avanzatraducciones.com\/#website"},"primaryImageOfPage":{"@id":"https:\/\/avanzatraducciones.com\/fr\/les-traductions-font-progresser-les-services-linguistiques\/contact\/#primaryimage"},"image":{"@id":"https:\/\/avanzatraducciones.com\/fr\/les-traductions-font-progresser-les-services-linguistiques\/contact\/#primaryimage"},"thumbnailUrl":"https:\/\/avanzatraducciones.com\/wp-content\/uploads\/2024\/06\/network-5881559_1280.jpg","datePublished":"2024-06-04T15:27:54+00:00","dateModified":"2024-10-21T16:22:46+00:00","breadcrumb":{"@id":"https:\/\/avanzatraducciones.com\/fr\/les-traductions-font-progresser-les-services-linguistiques\/contact\/#breadcrumb"},"inLanguage":"fr-FR","potentialAction":[{"@type":"ReadAction","target":["https:\/\/avanzatraducciones.com\/fr\/les-traductions-font-progresser-les-services-linguistiques\/contact\/"]}]},{"@type":"ImageObject","inLanguage":"fr-FR","@id":"https:\/\/avanzatraducciones.com\/fr\/les-traductions-font-progresser-les-services-linguistiques\/contact\/#primaryimage","url":"https:\/\/avanzatraducciones.com\/wp-content\/uploads\/2024\/06\/network-5881559_1280.jpg","contentUrl":"https:\/\/avanzatraducciones.com\/wp-content\/uploads\/2024\/06\/network-5881559_1280.jpg","width":1280,"height":768},{"@type":"BreadcrumbList","@id":"https:\/\/avanzatraducciones.com\/fr\/les-traductions-font-progresser-les-services-linguistiques\/contact\/#breadcrumb","itemListElement":[{"@type":"ListItem","position":1,"name":"Portada","item":"https:\/\/avanzatraducciones.com\/"},{"@type":"ListItem","position":2,"name":"Les traductions font progresser les services linguistiques","item":"https:\/\/avanzatraducciones.com\/"},{"@type":"ListItem","position":3,"name":"CONTACT"}]},{"@type":"WebSite","@id":"https:\/\/avanzatraducciones.com\/#website","url":"https:\/\/avanzatraducciones.com\/","name":"Avanza Traducciones","description":"Agencia de Traducciones, Interpretaci\u00f3n y Transcripciones","publisher":{"@id":"https:\/\/avanzatraducciones.com\/#organization"},"potentialAction":[{"@type":"SearchAction","target":{"@type":"EntryPoint","urlTemplate":"https:\/\/avanzatraducciones.com\/?s={search_term_string}"},"query-input":"required name=search_term_string"}],"inLanguage":"fr-FR"},{"@type":"Organization","@id":"https:\/\/avanzatraducciones.com\/#organization","name":"Avanza Traducciones","url":"https:\/\/avanzatraducciones.com\/","logo":{"@type":"ImageObject","inLanguage":"fr-FR","@id":"https:\/\/avanzatraducciones.com\/#\/schema\/logo\/image\/","url":"https:\/\/avanzatraducciones.com\/wp-content\/uploads\/2024\/05\/logo-avanza-traducciones-blanco-rojo-80.png","contentUrl":"https:\/\/avanzatraducciones.com\/wp-content\/uploads\/2024\/05\/logo-avanza-traducciones-blanco-rojo-80.png","width":262,"height":90,"caption":"Avanza Traducciones"},"image":{"@id":"https:\/\/avanzatraducciones.com\/#\/schema\/logo\/image\/"}}]}},"_links":{"self":[{"href":"https:\/\/avanzatraducciones.com\/fr\/wp-json\/wp\/v2\/pages\/3658","targetHints":{"allow":["GET"]}}],"collection":[{"href":"https:\/\/avanzatraducciones.com\/fr\/wp-json\/wp\/v2\/pages"}],"about":[{"href":"https:\/\/avanzatraducciones.com\/fr\/wp-json\/wp\/v2\/types\/page"}],"author":[{"embeddable":true,"href":"https:\/\/avanzatraducciones.com\/fr\/wp-json\/wp\/v2\/users\/2"}],"replies":[{"embeddable":true,"href":"https:\/\/avanzatraducciones.com\/fr\/wp-json\/wp\/v2\/comments?post=3658"}],"version-history":[{"count":4,"href":"https:\/\/avanzatraducciones.com\/fr\/wp-json\/wp\/v2\/pages\/3658\/revisions"}],"predecessor-version":[{"id":3662,"href":"https:\/\/avanzatraducciones.com\/fr\/wp-json\/wp\/v2\/pages\/3658\/revisions\/3662"}],"up":[{"embeddable":true,"href":"https:\/\/avanzatraducciones.com\/fr\/wp-json\/wp\/v2\/pages\/2146"}],"wp:featuredmedia":[{"embeddable":true,"href":"https:\/\/avanzatraducciones.com\/fr\/wp-json\/wp\/v2\/media\/3256"}],"wp:attachment":[{"href":"https:\/\/avanzatraducciones.com\/fr\/wp-json\/wp\/v2\/media?parent=3658"}],"curies":[{"name":"wp","href":"https:\/\/api.w.org\/{rel}","templated":true}]}}