{"id":2912,"date":"2024-06-06T04:10:18","date_gmt":"2024-06-06T02:10:18","guid":{"rendered":"http:\/\/avanzatraducciones.com\/qui-sommes-nous\/"},"modified":"2024-10-21T17:31:47","modified_gmt":"2024-10-21T15:31:47","slug":"qui-sommes-nous","status":"publish","type":"page","link":"https:\/\/avanzatraducciones.com\/fr\/les-traductions-font-progresser-les-services-linguistiques\/qui-sommes-nous\/","title":{"rendered":"QUI SOMMES-NOUS"},"content":{"rendered":"\t\t<div data-elementor-type=\"wp-page\" data-elementor-id=\"2912\" class=\"elementor elementor-2912 elementor-2896\" data-elementor-post-type=\"page\">\n\t\t\t\t<div class=\"elementor-element elementor-element-08c0164 e-flex e-con-boxed e-con e-parent\" data-id=\"08c0164\" data-element_type=\"container\">\n\t\t\t\t\t<div class=\"e-con-inner\">\n\t\t<div class=\"elementor-element elementor-element-5da0c20 e-con-full e-flex e-con e-child\" data-id=\"5da0c20\" data-element_type=\"container\">\n\t\t\t\t<div class=\"elementor-element elementor-element-266ba07 elementor-widget elementor-widget-text-editor\" data-id=\"266ba07\" data-element_type=\"widget\" data-widget_type=\"text-editor.default\">\n\t\t\t\t<div class=\"elementor-widget-container\">\n\t\t\t<style>\/*! elementor - v3.21.0 - 20-05-2024 *\/\n.elementor-widget-text-editor.elementor-drop-cap-view-stacked .elementor-drop-cap{background-color:#69727d;color:#fff}.elementor-widget-text-editor.elementor-drop-cap-view-framed .elementor-drop-cap{color:#69727d;border:3px solid;background-color:transparent}.elementor-widget-text-editor:not(.elementor-drop-cap-view-default) .elementor-drop-cap{margin-top:8px}.elementor-widget-text-editor:not(.elementor-drop-cap-view-default) .elementor-drop-cap-letter{width:1em;height:1em}.elementor-widget-text-editor .elementor-drop-cap{float:left;text-align:center;line-height:1;font-size:50px}.elementor-widget-text-editor .elementor-drop-cap-letter{display:inline-block}<\/style>\t\t\t\t<p><strong>Avanza Traducciones<\/strong>\u00a0est une\u00a0<strong>agence de services linguistiques,<\/strong>\u00a0que l\u2019on appelle commun\u00e9ment\u00a0<a href=\"https:\/\/avanzatraducciones.com\/fr\/traduction-generale\/\">Agence de Traduction<\/a>. Fond\u00e9e en 2003, elle offre ses services sur tout le territoire espagnol. Elle pr\u00eate 3 grands ensembles de services :\u00a0<a href=\"https:\/\/avanzatraducciones.com\/fr\/traduction-generale\/\"><strong>traduction<\/strong><\/a><strong>,\u00a0<\/strong><a href=\"https:\/\/avanzatraducciones.com\/fr\/interpretation-simultanee\/\"><strong>interpr\u00e9tation<\/strong><\/a><strong>\u00a0et\u00a0<\/strong><a href=\"https:\/\/avanzatraducciones.com\/fr\/transcription-naturelle\/\"><strong>transcription<\/strong><\/a>. Cependant, gr\u00e2ce \u00e0 l\u2019abondance des services compl\u00e9mentaires qu\u2019offre\u00a0<strong>Avanza Traducciones<\/strong>, nous assurons une couverture totale dans le secteur des langues et de la linguistique.<\/p>\n<p>Trois sous-cat\u00e9gories se d\u00e9tachent en mati\u00e8re de\u00a0<a href=\"https:\/\/avanzatraducciones.com\/fr\/traduction-generale\/\">Traduction<\/a>\u00a0: la\u00a0<a href=\"https:\/\/avanzatraducciones.com\/fr\/traduction-assermentee\/\"><strong>traduction asserment\u00e9e<\/strong><\/a><strong>\u00a0ou traduction officielle<\/strong>, effectu\u00e9e par des traducteurs asserment\u00e9s aupr\u00e8s du Minist\u00e8re des Affaires \u00c9trang\u00e8res ; la\u00a0<a href=\"https:\/\/avanzatraducciones.com\/fr\/traduction-generale\/\"><strong>traduction<\/strong><\/a>\u00a0ne contenant pas de terminologie propre \u00e0 un secteur et dans laquelle l\u2019expression commerciale ou conversationnelle prime sur l\u2019expression technique, et la\u00a0<a href=\"https:\/\/avanzatraducciones.com\/fr\/traduction-technique\/\"><strong>traduction technique<\/strong><\/a><strong>\u00a0ou sp\u00e9cialis\u00e9e<\/strong>, qui est un sous-cat\u00e9gorie plus ample, \u00e9tant donn\u00e9 qu\u2019elle englobe diff\u00e9rentes sp\u00e9cialisations en mati\u00e8re de traduction. Ce sont, entre autres, les traductions juridiques, \u00e9conomiques, financi\u00e8res, litt\u00e9raires, publicitaires, scientifiques, m\u00e9dicales et techniques. Dans de tels cas, le profil du professionnel est plus \u00e9lev\u00e9 et plus sp\u00e9cialis\u00e9. En outre, le temps et les ressources employ\u00e9es pour une\u00a0<a href=\"https:\/\/avanzatraducciones.com\/fr\/traduction-technique\/\"><strong>traduction technique<\/strong><\/a><strong>\u00a0ou sp\u00e9cialis\u00e9e<\/strong>\u00a0est plus important.<\/p>\n<p>En mati\u00e8re d\u2019<a href=\"https:\/\/avanzatraducciones.com\/fr\/interpretation-simultanee\/\">Interpr\u00e9tation<\/a>, le point le plus important concerne \u00e9videmment nos interpr\u00e8tes. Nos interpr\u00e8tes ont un profil haut de gamme. Il est diff\u00e9renci\u00e9 par secteurs de sp\u00e9cialisation et par type d\u2019interpr\u00e9tation :\u00a0<a href=\"https:\/\/avanzatraducciones.com\/fr\/interpretation-consecutive\/\"><strong>interpr\u00e9tation cons\u00e9cutive<\/strong><\/a>\u00a0et\u00a0<a href=\"https:\/\/avanzatraducciones.com\/fr\/interpretation-simultanee\/\"><strong>interpr\u00e9tation simultan\u00e9e<\/strong><\/a>. Mais, outre nos interpr\u00e8tes, nous offrons plusieurs services compl\u00e9mentaires, \u00e9tant donn\u00e9 que pour pr\u00eater le service d\u2019interpr\u00e9tation simultan\u00e9e, les interpr\u00e8tes ont besoin d\u2019un \u00e9quipement mat\u00e9riel et technique sp\u00e9cifique, et nous proposons :\u00a0<a href=\"https:\/\/avanzatraducciones.com\/fr\/cabines-dinterpretation\/\"><strong>cabines d\u2019interpr\u00e9tation<\/strong><\/a>, r\u00e9cepteurs, micros et sonorisation de salle, ainsi qu\u2019\u00e9quipement audio-visuel.<\/p>\n<p>Quant \u00e0 la\u00a0<a href=\"https:\/\/avanzatraducciones.com\/fr\/transcription-naturelle\/\">Transcription<\/a>, Avanza est l\u2019une des entreprises les plus reconnues d\u2019Espagne, elle est sp\u00e9cialis\u00e9e en\u00a0<a href=\"https:\/\/avanzatraducciones.com\/fr\/transcription-juridique\/\"><strong>transcription juridique<\/strong><\/a>. Nous pouvons couvrir des projets de grand volume avec des d\u00e9lais de livraison tr\u00e8s adapt\u00e9s.<\/p>\n<p>Nous avons cr\u00e9\u00e9 une division ind\u00e9pendante pour le secteur de\u00a0<a href=\"https:\/\/avanzatraducciones.com\/fr\/transcription-juridique\/\"><strong>Transcription Juridique<\/strong><\/a>, qui pr\u00eate un service int\u00e9gral au domaine des<strong>\u00a0Arbitrages<\/strong>.<\/p>\n\t\t\t\t\t\t<\/div>\n\t\t\t\t<\/div>\n\t\t\t\t<\/div>\n\t\t<div class=\"elementor-element elementor-element-35b4c6c e-con-full e-flex e-con e-child\" data-id=\"35b4c6c\" data-element_type=\"container\">\n\t\t\t\t<div class=\"elementor-element elementor-element-c36ba2d elementor-widget elementor-widget-image\" data-id=\"c36ba2d\" data-element_type=\"widget\" data-widget_type=\"image.default\">\n\t\t\t\t<div class=\"elementor-widget-container\">\n\t\t\t<style>\/*! elementor - v3.21.0 - 20-05-2024 *\/\n.elementor-widget-image{text-align:center}.elementor-widget-image a{display:inline-block}.elementor-widget-image a img[src$=\".svg\"]{width:48px}.elementor-widget-image img{vertical-align:middle;display:inline-block}<\/style>\t\t\t\t\t\t\t\t\t\t<img fetchpriority=\"high\" decoding=\"async\" width=\"300\" height=\"300\" src=\"https:\/\/avanzatraducciones.com\/wp-content\/uploads\/2024\/06\/traducciones-qs-300x300-1.png\" class=\"attachment-full size-full wp-image-2901\" alt=\"\" srcset=\"https:\/\/avanzatraducciones.com\/wp-content\/uploads\/2024\/06\/traducciones-qs-300x300-1.png 300w, https:\/\/avanzatraducciones.com\/wp-content\/uploads\/2024\/06\/traducciones-qs-300x300-1-150x150.png 150w\" sizes=\"(max-width: 300px) 100vw, 300px\" \/>\t\t\t\t\t\t\t\t\t\t\t\t\t<\/div>\n\t\t\t\t<\/div>\n\t\t\t\t<div class=\"elementor-element elementor-element-bc0b322 elementor-widget elementor-widget-image\" data-id=\"bc0b322\" data-element_type=\"widget\" data-widget_type=\"image.default\">\n\t\t\t\t<div class=\"elementor-widget-container\">\n\t\t\t\t\t\t\t\t\t\t\t\t\t<img decoding=\"async\" width=\"1024\" height=\"1024\" src=\"https:\/\/avanzatraducciones.com\/wp-content\/uploads\/2024\/05\/2a057990-afd3-47bd-b9be-803b93b10973.jpg\" class=\"attachment-full size-full wp-image-1099\" alt=\"\" srcset=\"https:\/\/avanzatraducciones.com\/wp-content\/uploads\/2024\/05\/2a057990-afd3-47bd-b9be-803b93b10973.jpg 1024w, https:\/\/avanzatraducciones.com\/wp-content\/uploads\/2024\/05\/2a057990-afd3-47bd-b9be-803b93b10973-300x300.jpg 300w, https:\/\/avanzatraducciones.com\/wp-content\/uploads\/2024\/05\/2a057990-afd3-47bd-b9be-803b93b10973-150x150.jpg 150w, https:\/\/avanzatraducciones.com\/wp-content\/uploads\/2024\/05\/2a057990-afd3-47bd-b9be-803b93b10973-768x768.jpg 768w\" sizes=\"(max-width: 1024px) 100vw, 1024px\" \/>\t\t\t\t\t\t\t\t\t\t\t\t\t<\/div>\n\t\t\t\t<\/div>\n\t\t\t\t<\/div>\n\t\t<div class=\"elementor-element elementor-element-1466e0f e-con-full e-flex e-con e-child\" data-id=\"1466e0f\" data-element_type=\"container\">\n\t\t\t\t<\/div>\n\t\t<div class=\"elementor-element elementor-element-e2b0378 e-con-full e-flex e-con e-child\" data-id=\"e2b0378\" data-element_type=\"container\">\n\t\t\t\t<\/div>\n\t\t\t\t\t<\/div>\n\t\t\t\t<\/div>\n\t\t<div class=\"elementor-element elementor-element-b1f26a1 e-flex e-con-boxed e-con e-parent\" data-id=\"b1f26a1\" data-element_type=\"container\">\n\t\t\t\t\t<div class=\"e-con-inner\">\n\t\t\t\t\t<\/div>\n\t\t\t\t<\/div>\n\t\t\t\t<\/div>\n\t\t","protected":false},"excerpt":{"rendered":"<p>Avanza Traducciones\u00a0est une\u00a0agence de services linguistiques,\u00a0que l\u2019on appelle commun\u00e9ment\u00a0Agence de Traduction. Fond\u00e9e en 2003, elle offre ses services sur tout le territoire espagnol. Elle pr\u00eate 3 grands ensembles de services :\u00a0traduction,\u00a0interpr\u00e9tation\u00a0et\u00a0transcription. Cependant, gr\u00e2ce \u00e0 l\u2019abondance des services compl\u00e9mentaires qu\u2019offre\u00a0Avanza Traducciones, nous assurons une couverture totale dans le secteur des langues et de la linguistique. Trois [&hellip;]<\/p>\n","protected":false},"author":1,"featured_media":3170,"parent":2146,"menu_order":0,"comment_status":"closed","ping_status":"closed","template":"","meta":{"_joinchat":[],"footnotes":""},"class_list":["post-2912","page","type-page","status-publish","has-post-thumbnail","hentry"],"yoast_head":"<!-- This site is optimized with the Yoast SEO plugin v22.8 - https:\/\/yoast.com\/wordpress\/plugins\/seo\/ -->\n<title>QUI SOMMES-NOUS - Avanza Traducciones<\/title>\n<meta name=\"robots\" content=\"index, follow, max-snippet:-1, max-image-preview:large, max-video-preview:-1\" \/>\n<link rel=\"canonical\" href=\"https:\/\/avanzatraducciones.com\/avanza-traducciones-servicios-linguisticos\/quienes-somos\/\" \/>\n<meta property=\"og:locale\" content=\"fr_FR\" \/>\n<meta property=\"og:type\" content=\"article\" \/>\n<meta property=\"og:title\" content=\"QUI SOMMES-NOUS - Avanza Traducciones\" \/>\n<meta property=\"og:description\" content=\"Avanza Traducciones\u00a0est une\u00a0agence de services linguistiques,\u00a0que l\u2019on appelle commun\u00e9ment\u00a0Agence de Traduction. Fond\u00e9e en 2003, elle offre ses services sur tout le territoire espagnol. Elle pr\u00eate 3 grands ensembles de services :\u00a0traduction,\u00a0interpr\u00e9tation\u00a0et\u00a0transcription. Cependant, gr\u00e2ce \u00e0 l\u2019abondance des services compl\u00e9mentaires qu\u2019offre\u00a0Avanza Traducciones, nous assurons une couverture totale dans le secteur des langues et de la linguistique. Trois [&hellip;]\" \/>\n<meta property=\"og:url\" content=\"https:\/\/avanzatraducciones.com\/avanza-traducciones-servicios-linguisticos\/quienes-somos\/\" \/>\n<meta property=\"og:site_name\" content=\"Avanza Traducciones\" \/>\n<meta property=\"article:modified_time\" content=\"2024-10-21T15:31:47+00:00\" \/>\n<meta property=\"og:image\" content=\"http:\/\/avanzatraducciones.com\/wp-content\/uploads\/2024\/06\/office-2360063_1280.jpg\" \/>\n\t<meta property=\"og:image:width\" content=\"1280\" \/>\n\t<meta property=\"og:image:height\" content=\"853\" \/>\n\t<meta property=\"og:image:type\" content=\"image\/jpeg\" \/>\n<meta name=\"twitter:card\" content=\"summary_large_image\" \/>\n<meta name=\"twitter:label1\" content=\"Dur\u00e9e de lecture estim\u00e9e\" \/>\n\t<meta name=\"twitter:data1\" content=\"2 minutes\" \/>\n<script type=\"application\/ld+json\" class=\"yoast-schema-graph\">{\"@context\":\"https:\/\/schema.org\",\"@graph\":[{\"@type\":\"WebPage\",\"@id\":\"https:\/\/avanzatraducciones.com\/avanza-traducciones-servicios-linguisticos\/quienes-somos\/\",\"url\":\"https:\/\/avanzatraducciones.com\/avanza-traducciones-servicios-linguisticos\/quienes-somos\/\",\"name\":\"QUI SOMMES-NOUS - Avanza Traducciones\",\"isPartOf\":{\"@id\":\"https:\/\/avanzatraducciones.com\/#website\"},\"primaryImageOfPage\":{\"@id\":\"https:\/\/avanzatraducciones.com\/avanza-traducciones-servicios-linguisticos\/quienes-somos\/#primaryimage\"},\"image\":{\"@id\":\"https:\/\/avanzatraducciones.com\/avanza-traducciones-servicios-linguisticos\/quienes-somos\/#primaryimage\"},\"thumbnailUrl\":\"https:\/\/avanzatraducciones.com\/wp-content\/uploads\/2024\/06\/office-2360063_1280.jpg\",\"datePublished\":\"2024-06-06T02:10:18+00:00\",\"dateModified\":\"2024-10-21T15:31:47+00:00\",\"breadcrumb\":{\"@id\":\"https:\/\/avanzatraducciones.com\/avanza-traducciones-servicios-linguisticos\/quienes-somos\/#breadcrumb\"},\"inLanguage\":\"fr-FR\",\"potentialAction\":[{\"@type\":\"ReadAction\",\"target\":[\"https:\/\/avanzatraducciones.com\/avanza-traducciones-servicios-linguisticos\/quienes-somos\/\"]}]},{\"@type\":\"ImageObject\",\"inLanguage\":\"fr-FR\",\"@id\":\"https:\/\/avanzatraducciones.com\/avanza-traducciones-servicios-linguisticos\/quienes-somos\/#primaryimage\",\"url\":\"https:\/\/avanzatraducciones.com\/wp-content\/uploads\/2024\/06\/office-2360063_1280.jpg\",\"contentUrl\":\"https:\/\/avanzatraducciones.com\/wp-content\/uploads\/2024\/06\/office-2360063_1280.jpg\",\"width\":1280,\"height\":853},{\"@type\":\"BreadcrumbList\",\"@id\":\"https:\/\/avanzatraducciones.com\/avanza-traducciones-servicios-linguisticos\/quienes-somos\/#breadcrumb\",\"itemListElement\":[{\"@type\":\"ListItem\",\"position\":1,\"name\":\"Portada\",\"item\":\"https:\/\/avanzatraducciones.com\/\"},{\"@type\":\"ListItem\",\"position\":2,\"name\":\"Les traductions font progresser les services linguistiques\",\"item\":\"https:\/\/avanzatraducciones.com\/\"},{\"@type\":\"ListItem\",\"position\":3,\"name\":\"QUI SOMMES-NOUS\"}]},{\"@type\":\"WebSite\",\"@id\":\"https:\/\/avanzatraducciones.com\/#website\",\"url\":\"https:\/\/avanzatraducciones.com\/\",\"name\":\"Avanza Traducciones\",\"description\":\"Agencia de Traducciones, Interpretaci\u00f3n y Transcripciones\",\"publisher\":{\"@id\":\"https:\/\/avanzatraducciones.com\/#organization\"},\"potentialAction\":[{\"@type\":\"SearchAction\",\"target\":{\"@type\":\"EntryPoint\",\"urlTemplate\":\"https:\/\/avanzatraducciones.com\/?s={search_term_string}\"},\"query-input\":\"required name=search_term_string\"}],\"inLanguage\":\"fr-FR\"},{\"@type\":\"Organization\",\"@id\":\"https:\/\/avanzatraducciones.com\/#organization\",\"name\":\"Avanza Traducciones\",\"url\":\"https:\/\/avanzatraducciones.com\/\",\"logo\":{\"@type\":\"ImageObject\",\"inLanguage\":\"fr-FR\",\"@id\":\"https:\/\/avanzatraducciones.com\/#\/schema\/logo\/image\/\",\"url\":\"https:\/\/avanzatraducciones.com\/wp-content\/uploads\/2024\/05\/logo-avanza-traducciones-blanco-rojo-80.png\",\"contentUrl\":\"https:\/\/avanzatraducciones.com\/wp-content\/uploads\/2024\/05\/logo-avanza-traducciones-blanco-rojo-80.png\",\"width\":262,\"height\":90,\"caption\":\"Avanza Traducciones\"},\"image\":{\"@id\":\"https:\/\/avanzatraducciones.com\/#\/schema\/logo\/image\/\"}}]}<\/script>\n<!-- \/ Yoast SEO plugin. -->","yoast_head_json":{"title":"QUI SOMMES-NOUS - Avanza Traducciones","robots":{"index":"index","follow":"follow","max-snippet":"max-snippet:-1","max-image-preview":"max-image-preview:large","max-video-preview":"max-video-preview:-1"},"canonical":"https:\/\/avanzatraducciones.com\/avanza-traducciones-servicios-linguisticos\/quienes-somos\/","og_locale":"fr_FR","og_type":"article","og_title":"QUI SOMMES-NOUS - Avanza Traducciones","og_description":"Avanza Traducciones\u00a0est une\u00a0agence de services linguistiques,\u00a0que l\u2019on appelle commun\u00e9ment\u00a0Agence de Traduction. Fond\u00e9e en 2003, elle offre ses services sur tout le territoire espagnol. Elle pr\u00eate 3 grands ensembles de services :\u00a0traduction,\u00a0interpr\u00e9tation\u00a0et\u00a0transcription. Cependant, gr\u00e2ce \u00e0 l\u2019abondance des services compl\u00e9mentaires qu\u2019offre\u00a0Avanza Traducciones, nous assurons une couverture totale dans le secteur des langues et de la linguistique. Trois [&hellip;]","og_url":"https:\/\/avanzatraducciones.com\/avanza-traducciones-servicios-linguisticos\/quienes-somos\/","og_site_name":"Avanza Traducciones","article_modified_time":"2024-10-21T15:31:47+00:00","og_image":[{"width":1280,"height":853,"url":"http:\/\/avanzatraducciones.com\/wp-content\/uploads\/2024\/06\/office-2360063_1280.jpg","type":"image\/jpeg"}],"twitter_card":"summary_large_image","twitter_misc":{"Dur\u00e9e de lecture estim\u00e9e":"2 minutes"},"schema":{"@context":"https:\/\/schema.org","@graph":[{"@type":"WebPage","@id":"https:\/\/avanzatraducciones.com\/avanza-traducciones-servicios-linguisticos\/quienes-somos\/","url":"https:\/\/avanzatraducciones.com\/avanza-traducciones-servicios-linguisticos\/quienes-somos\/","name":"QUI SOMMES-NOUS - Avanza Traducciones","isPartOf":{"@id":"https:\/\/avanzatraducciones.com\/#website"},"primaryImageOfPage":{"@id":"https:\/\/avanzatraducciones.com\/avanza-traducciones-servicios-linguisticos\/quienes-somos\/#primaryimage"},"image":{"@id":"https:\/\/avanzatraducciones.com\/avanza-traducciones-servicios-linguisticos\/quienes-somos\/#primaryimage"},"thumbnailUrl":"https:\/\/avanzatraducciones.com\/wp-content\/uploads\/2024\/06\/office-2360063_1280.jpg","datePublished":"2024-06-06T02:10:18+00:00","dateModified":"2024-10-21T15:31:47+00:00","breadcrumb":{"@id":"https:\/\/avanzatraducciones.com\/avanza-traducciones-servicios-linguisticos\/quienes-somos\/#breadcrumb"},"inLanguage":"fr-FR","potentialAction":[{"@type":"ReadAction","target":["https:\/\/avanzatraducciones.com\/avanza-traducciones-servicios-linguisticos\/quienes-somos\/"]}]},{"@type":"ImageObject","inLanguage":"fr-FR","@id":"https:\/\/avanzatraducciones.com\/avanza-traducciones-servicios-linguisticos\/quienes-somos\/#primaryimage","url":"https:\/\/avanzatraducciones.com\/wp-content\/uploads\/2024\/06\/office-2360063_1280.jpg","contentUrl":"https:\/\/avanzatraducciones.com\/wp-content\/uploads\/2024\/06\/office-2360063_1280.jpg","width":1280,"height":853},{"@type":"BreadcrumbList","@id":"https:\/\/avanzatraducciones.com\/avanza-traducciones-servicios-linguisticos\/quienes-somos\/#breadcrumb","itemListElement":[{"@type":"ListItem","position":1,"name":"Portada","item":"https:\/\/avanzatraducciones.com\/"},{"@type":"ListItem","position":2,"name":"Les traductions font progresser les services linguistiques","item":"https:\/\/avanzatraducciones.com\/"},{"@type":"ListItem","position":3,"name":"QUI SOMMES-NOUS"}]},{"@type":"WebSite","@id":"https:\/\/avanzatraducciones.com\/#website","url":"https:\/\/avanzatraducciones.com\/","name":"Avanza Traducciones","description":"Agencia de Traducciones, Interpretaci\u00f3n y Transcripciones","publisher":{"@id":"https:\/\/avanzatraducciones.com\/#organization"},"potentialAction":[{"@type":"SearchAction","target":{"@type":"EntryPoint","urlTemplate":"https:\/\/avanzatraducciones.com\/?s={search_term_string}"},"query-input":"required name=search_term_string"}],"inLanguage":"fr-FR"},{"@type":"Organization","@id":"https:\/\/avanzatraducciones.com\/#organization","name":"Avanza Traducciones","url":"https:\/\/avanzatraducciones.com\/","logo":{"@type":"ImageObject","inLanguage":"fr-FR","@id":"https:\/\/avanzatraducciones.com\/#\/schema\/logo\/image\/","url":"https:\/\/avanzatraducciones.com\/wp-content\/uploads\/2024\/05\/logo-avanza-traducciones-blanco-rojo-80.png","contentUrl":"https:\/\/avanzatraducciones.com\/wp-content\/uploads\/2024\/05\/logo-avanza-traducciones-blanco-rojo-80.png","width":262,"height":90,"caption":"Avanza Traducciones"},"image":{"@id":"https:\/\/avanzatraducciones.com\/#\/schema\/logo\/image\/"}}]}},"_links":{"self":[{"href":"https:\/\/avanzatraducciones.com\/fr\/wp-json\/wp\/v2\/pages\/2912","targetHints":{"allow":["GET"]}}],"collection":[{"href":"https:\/\/avanzatraducciones.com\/fr\/wp-json\/wp\/v2\/pages"}],"about":[{"href":"https:\/\/avanzatraducciones.com\/fr\/wp-json\/wp\/v2\/types\/page"}],"author":[{"embeddable":true,"href":"https:\/\/avanzatraducciones.com\/fr\/wp-json\/wp\/v2\/users\/1"}],"replies":[{"embeddable":true,"href":"https:\/\/avanzatraducciones.com\/fr\/wp-json\/wp\/v2\/comments?post=2912"}],"version-history":[{"count":5,"href":"https:\/\/avanzatraducciones.com\/fr\/wp-json\/wp\/v2\/pages\/2912\/revisions"}],"predecessor-version":[{"id":3635,"href":"https:\/\/avanzatraducciones.com\/fr\/wp-json\/wp\/v2\/pages\/2912\/revisions\/3635"}],"up":[{"embeddable":true,"href":"https:\/\/avanzatraducciones.com\/fr\/wp-json\/wp\/v2\/pages\/2146"}],"wp:featuredmedia":[{"embeddable":true,"href":"https:\/\/avanzatraducciones.com\/fr\/wp-json\/wp\/v2\/media\/3170"}],"wp:attachment":[{"href":"https:\/\/avanzatraducciones.com\/fr\/wp-json\/wp\/v2\/media?parent=2912"}],"curies":[{"name":"wp","href":"https:\/\/api.w.org\/{rel}","templated":true}]}}