{"id":2599,"date":"2024-06-04T20:48:37","date_gmt":"2024-06-04T18:48:37","guid":{"rendered":"http:\/\/avanzatraducciones.com\/vous-souhaitez-rejoindre-notre-equipe\/"},"modified":"2024-06-13T17:47:29","modified_gmt":"2024-06-13T15:47:29","slug":"vous-souhaitez-rejoindre-notre-equipe","status":"publish","type":"page","link":"https:\/\/avanzatraducciones.com\/fr\/les-traductions-font-progresser-les-services-linguistiques\/vous-souhaitez-rejoindre-notre-equipe\/","title":{"rendered":"VOUS SOUHAITEZ REJOINDRE NOTRE \u00c9QUIPE ?"},"content":{"rendered":"\t\t<div data-elementor-type=\"wp-page\" data-elementor-id=\"2599\" class=\"elementor elementor-2599 elementor-2572\" data-elementor-post-type=\"page\">\n\t\t\t\t<div class=\"elementor-element elementor-element-1c1b8cc e-flex e-con-boxed e-con e-parent\" data-id=\"1c1b8cc\" data-element_type=\"container\">\n\t\t\t\t\t<div class=\"e-con-inner\">\n\t\t\t\t<div class=\"elementor-element elementor-element-d8ecc18 elementor-widget elementor-widget-text-editor\" data-id=\"d8ecc18\" data-element_type=\"widget\" data-widget_type=\"text-editor.default\">\n\t\t\t\t<div class=\"elementor-widget-container\">\n\t\t\t<style>\/*! elementor - v3.21.0 - 20-05-2024 *\/\n.elementor-widget-text-editor.elementor-drop-cap-view-stacked .elementor-drop-cap{background-color:#69727d;color:#fff}.elementor-widget-text-editor.elementor-drop-cap-view-framed .elementor-drop-cap{color:#69727d;border:3px solid;background-color:transparent}.elementor-widget-text-editor:not(.elementor-drop-cap-view-default) .elementor-drop-cap{margin-top:8px}.elementor-widget-text-editor:not(.elementor-drop-cap-view-default) .elementor-drop-cap-letter{width:1em;height:1em}.elementor-widget-text-editor .elementor-drop-cap{float:left;text-align:center;line-height:1;font-size:50px}.elementor-widget-text-editor .elementor-drop-cap-letter{display:inline-block}<\/style>\t\t\t\t<p>Pour ce faire, vous pouvez nous envoyer votre CV et vos coordonn\u00e9es par e-mail \u00e0 l&#8217;adresse e-mail suivante : <a href=\"mailto:info@avanzatraducciones.com\" data-mce-href=\"mailto:info@avanzatraducciones.com\">info@avanzatraducciones.com<\/a>&lt;\/ p&gt;<\/p>\n<p>Veuillez lire attentivement les instructions car les candidatures qui ne respectent pas les directives \u00e9tablies ne seront pas accept\u00e9es&nbsp;:<\/p>\n<ul>\n<li>Envoyez-nous un e-mail \u00e0 <a href=\"mailto:info@avanzatraducciones.com\" data-mce-href=\"mailto:info@avanzatraducciones.com\">info@avanzatraducciones.com<\/a>, veuillez indiquer dans l&#8217;objet si vous \u00eates traducteur\/interpr\u00e8te ou transcripteur et la ou les combinaisons linguistiques avec lesquelles vous travaillez. Si vous \u00eates un professionnel multidisciplinaire, vous pouvez l&#8217;indiquer.<\/li>\n<li>Dans le corps du message, veuillez indiquer les domaines de sp\u00e9cialisation et un bref r\u00e9sum\u00e9 de votre parcours professionnel.<\/li>\n<li>De plus , vous pouvez indiquer le volume quotidien, le logiciel CAT ou TAO que vous utilisez, si vous \u00eates traducteur asserment\u00e9, la combinaison de services : traducteur + interpr\u00e8te, traducteur + transcripteur, etc., vos tarifs, les associations professionnelles auxquelles vous appartenez et les \u00e9ventuelles donn\u00e9es qui que vous pensez int\u00e9ressant.<\/li>\n<li>N&#8217;oubliez pas de joindre votre CV.<\/li>\n<li>Nous vous informons que mensuellement notre coll\u00e8gue RH r\u00e9pond aux emails et formulaires re\u00e7us, demandant plus d&#8217;informations, de r\u00e9f\u00e9rences ou compl\u00e9mentaires. donn\u00e9es. Vous seriez d\u00e9j\u00e0 dans le processus de s\u00e9lection&nbsp;!<\/li>\n<\/ul>\n<p><img fetchpriority=\"high\" decoding=\"async\" class=\"aligncenter wp-image-2028 size-full\" src=\"https:\/\/servidorweb.com.es\/wp- content\/uploads\/2024\/05\/servicio-traduccion.png\" alt=\"\" width=\"700\" height=\"294\" data-mce-src=\"https:\/\/servidorweb.com.es\/wp- content\/uploads\/2024\/05\/servicio-traduccion.png\" srcset=\"https:\/\/avanzatraducciones.com\/wp-content\/uploads\/2024\/05\/servicio-traduccion.png 700w, https:\/\/avanzatraducciones.com\/wp-content\/uploads\/2024\/05\/servicio-traduccion-300x126.png 300w\" sizes=\"(max-width: 700px) 100vw, 700px\" \/><\/p>\n\t\t\t\t\t\t<\/div>\n\t\t\t\t<\/div>\n\t\t\t\t\t<\/div>\n\t\t\t\t<\/div>\n\t\t\t\t<\/div>\n\t\t","protected":false},"excerpt":{"rendered":"<p>Pour ce faire, vous pouvez nous envoyer votre CV et vos coordonn\u00e9es par e-mail \u00e0 l&#8217;adresse e-mail suivante : info@avanzatraducciones.com&lt;\/ p&gt; Veuillez lire attentivement les instructions car les candidatures qui ne respectent pas les directives \u00e9tablies ne seront pas accept\u00e9es&nbsp;: Envoyez-nous un e-mail \u00e0 info@avanzatraducciones.com, veuillez indiquer dans l&#8217;objet si vous \u00eates traducteur\/interpr\u00e8te ou transcripteur [&hellip;]<\/p>\n","protected":false},"author":1,"featured_media":1777,"parent":2146,"menu_order":0,"comment_status":"closed","ping_status":"closed","template":"","meta":{"_joinchat":[],"footnotes":""},"class_list":["post-2599","page","type-page","status-publish","has-post-thumbnail","hentry"],"yoast_head":"<!-- This site is optimized with the Yoast SEO plugin v22.8 - https:\/\/yoast.com\/wordpress\/plugins\/seo\/ -->\n<title>VOUS SOUHAITEZ REJOINDRE NOTRE \u00c9QUIPE ? - Avanza Traducciones<\/title>\n<meta name=\"robots\" content=\"index, follow, max-snippet:-1, max-image-preview:large, max-video-preview:-1\" \/>\n<link rel=\"canonical\" href=\"https:\/\/avanzatraducciones.com\/avanza-traducciones-servicios-linguisticos\/formar-parte-de-nuestro-equipo\/\" \/>\n<meta property=\"og:locale\" content=\"fr_FR\" \/>\n<meta property=\"og:type\" content=\"article\" \/>\n<meta property=\"og:title\" content=\"VOUS SOUHAITEZ REJOINDRE NOTRE \u00c9QUIPE ? - Avanza Traducciones\" \/>\n<meta property=\"og:description\" content=\"Pour ce faire, vous pouvez nous envoyer votre CV et vos coordonn\u00e9es par e-mail \u00e0 l&#8217;adresse e-mail suivante : info@avanzatraducciones.com&lt;\/ p&gt; Veuillez lire attentivement les instructions car les candidatures qui ne respectent pas les directives \u00e9tablies ne seront pas accept\u00e9es&nbsp;: Envoyez-nous un e-mail \u00e0 info@avanzatraducciones.com, veuillez indiquer dans l&#8217;objet si vous \u00eates traducteur\/interpr\u00e8te ou transcripteur [&hellip;]\" \/>\n<meta property=\"og:url\" content=\"https:\/\/avanzatraducciones.com\/avanza-traducciones-servicios-linguisticos\/formar-parte-de-nuestro-equipo\/\" \/>\n<meta property=\"og:site_name\" content=\"Avanza Traducciones\" \/>\n<meta property=\"article:modified_time\" content=\"2024-06-13T15:47:29+00:00\" \/>\n<meta property=\"og:image\" content=\"https:\/\/avanzatraducciones.com\/wp-content\/uploads\/2024\/05\/agencia-de-traduccion-mundial-1700.webp\" \/>\n\t<meta property=\"og:image:width\" content=\"1700\" \/>\n\t<meta property=\"og:image:height\" content=\"700\" \/>\n\t<meta property=\"og:image:type\" content=\"image\/webp\" \/>\n<meta name=\"twitter:card\" content=\"summary_large_image\" \/>\n<meta name=\"twitter:label1\" content=\"Dur\u00e9e de lecture estim\u00e9e\" \/>\n\t<meta name=\"twitter:data1\" content=\"1 minute\" \/>\n<script type=\"application\/ld+json\" class=\"yoast-schema-graph\">{\"@context\":\"https:\/\/schema.org\",\"@graph\":[{\"@type\":\"WebPage\",\"@id\":\"https:\/\/avanzatraducciones.com\/avanza-traducciones-servicios-linguisticos\/formar-parte-de-nuestro-equipo\/\",\"url\":\"https:\/\/avanzatraducciones.com\/avanza-traducciones-servicios-linguisticos\/formar-parte-de-nuestro-equipo\/\",\"name\":\"VOUS SOUHAITEZ REJOINDRE NOTRE \u00c9QUIPE ? - Avanza Traducciones\",\"isPartOf\":{\"@id\":\"https:\/\/avanzatraducciones.com\/#website\"},\"primaryImageOfPage\":{\"@id\":\"https:\/\/avanzatraducciones.com\/avanza-traducciones-servicios-linguisticos\/formar-parte-de-nuestro-equipo\/#primaryimage\"},\"image\":{\"@id\":\"https:\/\/avanzatraducciones.com\/avanza-traducciones-servicios-linguisticos\/formar-parte-de-nuestro-equipo\/#primaryimage\"},\"thumbnailUrl\":\"https:\/\/avanzatraducciones.com\/wp-content\/uploads\/2024\/05\/agencia-de-traduccion-mundial-1700.webp\",\"datePublished\":\"2024-06-04T18:48:37+00:00\",\"dateModified\":\"2024-06-13T15:47:29+00:00\",\"breadcrumb\":{\"@id\":\"https:\/\/avanzatraducciones.com\/avanza-traducciones-servicios-linguisticos\/formar-parte-de-nuestro-equipo\/#breadcrumb\"},\"inLanguage\":\"fr-FR\",\"potentialAction\":[{\"@type\":\"ReadAction\",\"target\":[\"https:\/\/avanzatraducciones.com\/avanza-traducciones-servicios-linguisticos\/formar-parte-de-nuestro-equipo\/\"]}]},{\"@type\":\"ImageObject\",\"inLanguage\":\"fr-FR\",\"@id\":\"https:\/\/avanzatraducciones.com\/avanza-traducciones-servicios-linguisticos\/formar-parte-de-nuestro-equipo\/#primaryimage\",\"url\":\"https:\/\/avanzatraducciones.com\/wp-content\/uploads\/2024\/05\/agencia-de-traduccion-mundial-1700.webp\",\"contentUrl\":\"https:\/\/avanzatraducciones.com\/wp-content\/uploads\/2024\/05\/agencia-de-traduccion-mundial-1700.webp\",\"width\":1700,\"height\":700},{\"@type\":\"BreadcrumbList\",\"@id\":\"https:\/\/avanzatraducciones.com\/avanza-traducciones-servicios-linguisticos\/formar-parte-de-nuestro-equipo\/#breadcrumb\",\"itemListElement\":[{\"@type\":\"ListItem\",\"position\":1,\"name\":\"Portada\",\"item\":\"https:\/\/avanzatraducciones.com\/\"},{\"@type\":\"ListItem\",\"position\":2,\"name\":\"Les traductions font progresser les services linguistiques\",\"item\":\"https:\/\/avanzatraducciones.com\/\"},{\"@type\":\"ListItem\",\"position\":3,\"name\":\"VOUS SOUHAITEZ REJOINDRE NOTRE \u00c9QUIPE ?\"}]},{\"@type\":\"WebSite\",\"@id\":\"https:\/\/avanzatraducciones.com\/#website\",\"url\":\"https:\/\/avanzatraducciones.com\/\",\"name\":\"Avanza Traducciones\",\"description\":\"Agencia de Traducciones, Interpretaci\u00f3n y Transcripciones\",\"publisher\":{\"@id\":\"https:\/\/avanzatraducciones.com\/#organization\"},\"potentialAction\":[{\"@type\":\"SearchAction\",\"target\":{\"@type\":\"EntryPoint\",\"urlTemplate\":\"https:\/\/avanzatraducciones.com\/?s={search_term_string}\"},\"query-input\":\"required name=search_term_string\"}],\"inLanguage\":\"fr-FR\"},{\"@type\":\"Organization\",\"@id\":\"https:\/\/avanzatraducciones.com\/#organization\",\"name\":\"Avanza Traducciones\",\"url\":\"https:\/\/avanzatraducciones.com\/\",\"logo\":{\"@type\":\"ImageObject\",\"inLanguage\":\"fr-FR\",\"@id\":\"https:\/\/avanzatraducciones.com\/#\/schema\/logo\/image\/\",\"url\":\"https:\/\/avanzatraducciones.com\/wp-content\/uploads\/2024\/05\/logo-avanza-traducciones-blanco-rojo-80.png\",\"contentUrl\":\"https:\/\/avanzatraducciones.com\/wp-content\/uploads\/2024\/05\/logo-avanza-traducciones-blanco-rojo-80.png\",\"width\":262,\"height\":90,\"caption\":\"Avanza Traducciones\"},\"image\":{\"@id\":\"https:\/\/avanzatraducciones.com\/#\/schema\/logo\/image\/\"}}]}<\/script>\n<!-- \/ Yoast SEO plugin. -->","yoast_head_json":{"title":"VOUS SOUHAITEZ REJOINDRE NOTRE \u00c9QUIPE ? - Avanza Traducciones","robots":{"index":"index","follow":"follow","max-snippet":"max-snippet:-1","max-image-preview":"max-image-preview:large","max-video-preview":"max-video-preview:-1"},"canonical":"https:\/\/avanzatraducciones.com\/avanza-traducciones-servicios-linguisticos\/formar-parte-de-nuestro-equipo\/","og_locale":"fr_FR","og_type":"article","og_title":"VOUS SOUHAITEZ REJOINDRE NOTRE \u00c9QUIPE ? - Avanza Traducciones","og_description":"Pour ce faire, vous pouvez nous envoyer votre CV et vos coordonn\u00e9es par e-mail \u00e0 l&#8217;adresse e-mail suivante : info@avanzatraducciones.com&lt;\/ p&gt; Veuillez lire attentivement les instructions car les candidatures qui ne respectent pas les directives \u00e9tablies ne seront pas accept\u00e9es&nbsp;: Envoyez-nous un e-mail \u00e0 info@avanzatraducciones.com, veuillez indiquer dans l&#8217;objet si vous \u00eates traducteur\/interpr\u00e8te ou transcripteur [&hellip;]","og_url":"https:\/\/avanzatraducciones.com\/avanza-traducciones-servicios-linguisticos\/formar-parte-de-nuestro-equipo\/","og_site_name":"Avanza Traducciones","article_modified_time":"2024-06-13T15:47:29+00:00","og_image":[{"width":1700,"height":700,"url":"https:\/\/avanzatraducciones.com\/wp-content\/uploads\/2024\/05\/agencia-de-traduccion-mundial-1700.webp","type":"image\/webp"}],"twitter_card":"summary_large_image","twitter_misc":{"Dur\u00e9e de lecture estim\u00e9e":"1 minute"},"schema":{"@context":"https:\/\/schema.org","@graph":[{"@type":"WebPage","@id":"https:\/\/avanzatraducciones.com\/avanza-traducciones-servicios-linguisticos\/formar-parte-de-nuestro-equipo\/","url":"https:\/\/avanzatraducciones.com\/avanza-traducciones-servicios-linguisticos\/formar-parte-de-nuestro-equipo\/","name":"VOUS SOUHAITEZ REJOINDRE NOTRE \u00c9QUIPE ? - Avanza Traducciones","isPartOf":{"@id":"https:\/\/avanzatraducciones.com\/#website"},"primaryImageOfPage":{"@id":"https:\/\/avanzatraducciones.com\/avanza-traducciones-servicios-linguisticos\/formar-parte-de-nuestro-equipo\/#primaryimage"},"image":{"@id":"https:\/\/avanzatraducciones.com\/avanza-traducciones-servicios-linguisticos\/formar-parte-de-nuestro-equipo\/#primaryimage"},"thumbnailUrl":"https:\/\/avanzatraducciones.com\/wp-content\/uploads\/2024\/05\/agencia-de-traduccion-mundial-1700.webp","datePublished":"2024-06-04T18:48:37+00:00","dateModified":"2024-06-13T15:47:29+00:00","breadcrumb":{"@id":"https:\/\/avanzatraducciones.com\/avanza-traducciones-servicios-linguisticos\/formar-parte-de-nuestro-equipo\/#breadcrumb"},"inLanguage":"fr-FR","potentialAction":[{"@type":"ReadAction","target":["https:\/\/avanzatraducciones.com\/avanza-traducciones-servicios-linguisticos\/formar-parte-de-nuestro-equipo\/"]}]},{"@type":"ImageObject","inLanguage":"fr-FR","@id":"https:\/\/avanzatraducciones.com\/avanza-traducciones-servicios-linguisticos\/formar-parte-de-nuestro-equipo\/#primaryimage","url":"https:\/\/avanzatraducciones.com\/wp-content\/uploads\/2024\/05\/agencia-de-traduccion-mundial-1700.webp","contentUrl":"https:\/\/avanzatraducciones.com\/wp-content\/uploads\/2024\/05\/agencia-de-traduccion-mundial-1700.webp","width":1700,"height":700},{"@type":"BreadcrumbList","@id":"https:\/\/avanzatraducciones.com\/avanza-traducciones-servicios-linguisticos\/formar-parte-de-nuestro-equipo\/#breadcrumb","itemListElement":[{"@type":"ListItem","position":1,"name":"Portada","item":"https:\/\/avanzatraducciones.com\/"},{"@type":"ListItem","position":2,"name":"Les traductions font progresser les services linguistiques","item":"https:\/\/avanzatraducciones.com\/"},{"@type":"ListItem","position":3,"name":"VOUS SOUHAITEZ REJOINDRE NOTRE \u00c9QUIPE ?"}]},{"@type":"WebSite","@id":"https:\/\/avanzatraducciones.com\/#website","url":"https:\/\/avanzatraducciones.com\/","name":"Avanza Traducciones","description":"Agencia de Traducciones, Interpretaci\u00f3n y Transcripciones","publisher":{"@id":"https:\/\/avanzatraducciones.com\/#organization"},"potentialAction":[{"@type":"SearchAction","target":{"@type":"EntryPoint","urlTemplate":"https:\/\/avanzatraducciones.com\/?s={search_term_string}"},"query-input":"required name=search_term_string"}],"inLanguage":"fr-FR"},{"@type":"Organization","@id":"https:\/\/avanzatraducciones.com\/#organization","name":"Avanza Traducciones","url":"https:\/\/avanzatraducciones.com\/","logo":{"@type":"ImageObject","inLanguage":"fr-FR","@id":"https:\/\/avanzatraducciones.com\/#\/schema\/logo\/image\/","url":"https:\/\/avanzatraducciones.com\/wp-content\/uploads\/2024\/05\/logo-avanza-traducciones-blanco-rojo-80.png","contentUrl":"https:\/\/avanzatraducciones.com\/wp-content\/uploads\/2024\/05\/logo-avanza-traducciones-blanco-rojo-80.png","width":262,"height":90,"caption":"Avanza Traducciones"},"image":{"@id":"https:\/\/avanzatraducciones.com\/#\/schema\/logo\/image\/"}}]}},"_links":{"self":[{"href":"https:\/\/avanzatraducciones.com\/fr\/wp-json\/wp\/v2\/pages\/2599","targetHints":{"allow":["GET"]}}],"collection":[{"href":"https:\/\/avanzatraducciones.com\/fr\/wp-json\/wp\/v2\/pages"}],"about":[{"href":"https:\/\/avanzatraducciones.com\/fr\/wp-json\/wp\/v2\/types\/page"}],"author":[{"embeddable":true,"href":"https:\/\/avanzatraducciones.com\/fr\/wp-json\/wp\/v2\/users\/1"}],"replies":[{"embeddable":true,"href":"https:\/\/avanzatraducciones.com\/fr\/wp-json\/wp\/v2\/comments?post=2599"}],"version-history":[{"count":6,"href":"https:\/\/avanzatraducciones.com\/fr\/wp-json\/wp\/v2\/pages\/2599\/revisions"}],"predecessor-version":[{"id":3553,"href":"https:\/\/avanzatraducciones.com\/fr\/wp-json\/wp\/v2\/pages\/2599\/revisions\/3553"}],"up":[{"embeddable":true,"href":"https:\/\/avanzatraducciones.com\/fr\/wp-json\/wp\/v2\/pages\/2146"}],"wp:featuredmedia":[{"embeddable":true,"href":"https:\/\/avanzatraducciones.com\/fr\/wp-json\/wp\/v2\/media\/1777"}],"wp:attachment":[{"href":"https:\/\/avanzatraducciones.com\/fr\/wp-json\/wp\/v2\/media?parent=2599"}],"curies":[{"name":"wp","href":"https:\/\/api.w.org\/{rel}","templated":true}]}}