{"id":1901,"date":"2024-05-29T10:59:45","date_gmt":"2024-05-29T08:59:45","guid":{"rendered":"http:\/\/avanzatraducciones.com\/?page_id=1901"},"modified":"2024-06-07T10:45:58","modified_gmt":"2024-06-07T08:45:58","slug":"aviso-legal","status":"publish","type":"page","link":"https:\/\/avanzatraducciones.com\/en\/aviso-legal\/","title":{"rendered":"LEGAL NOTICE"},"content":{"rendered":"\t\t<div data-elementor-type=\"wp-post\" data-elementor-id=\"1901\" class=\"elementor elementor-1901\" data-elementor-post-type=\"page\">\n\t\t\t\t<div class=\"elementor-element elementor-element-e49fa04 e-flex e-con-boxed e-con e-parent\" data-id=\"e49fa04\" data-element_type=\"container\">\n\t\t\t\t\t<div class=\"e-con-inner\">\n\t\t\t\t<div class=\"elementor-element elementor-element-c3a305c elementor-widget elementor-widget-heading\" data-id=\"c3a305c\" data-element_type=\"widget\" data-widget_type=\"heading.default\">\n\t\t\t\t<div class=\"elementor-widget-container\">\n\t\t\t<style>\/*! elementor - v3.21.0 - 20-05-2024 *\/\n.elementor-heading-title{padding:0;margin:0;line-height:1}.elementor-widget-heading .elementor-heading-title[class*=elementor-size-]>a{color:inherit;font-size:inherit;line-height:inherit}.elementor-widget-heading .elementor-heading-title.elementor-size-small{font-size:15px}.elementor-widget-heading .elementor-heading-title.elementor-size-medium{font-size:19px}.elementor-widget-heading .elementor-heading-title.elementor-size-large{font-size:29px}.elementor-widget-heading .elementor-heading-title.elementor-size-xl{font-size:39px}.elementor-widget-heading .elementor-heading-title.elementor-size-xxl{font-size:59px}<\/style><h2 class=\"elementor-heading-title elementor-size-default\">LEGAL NOTICE<\/h2>\t\t<\/div>\n\t\t\t\t<\/div>\n\t\t\t\t\t<\/div>\n\t\t\t\t<\/div>\n\t\t<div class=\"elementor-element elementor-element-3989d32 e-flex e-con-boxed e-con e-parent\" data-id=\"3989d32\" data-element_type=\"container\">\n\t\t\t\t\t<div class=\"e-con-inner\">\n\t\t\t\t<div class=\"elementor-element elementor-element-1ba4f31 elementor-widget elementor-widget-text-editor\" data-id=\"1ba4f31\" data-element_type=\"widget\" data-widget_type=\"text-editor.default\">\n\t\t\t\t<div class=\"elementor-widget-container\">\n\t\t\t<style>\/*! elementor - v3.21.0 - 20-05-2024 *\/\n.elementor-widget-text-editor.elementor-drop-cap-view-stacked .elementor-drop-cap{background-color:#69727d;color:#fff}.elementor-widget-text-editor.elementor-drop-cap-view-framed .elementor-drop-cap{color:#69727d;border:3px solid;background-color:transparent}.elementor-widget-text-editor:not(.elementor-drop-cap-view-default) .elementor-drop-cap{margin-top:8px}.elementor-widget-text-editor:not(.elementor-drop-cap-view-default) .elementor-drop-cap-letter{width:1em;height:1em}.elementor-widget-text-editor .elementor-drop-cap{float:left;text-align:center;line-height:1;font-size:50px}.elementor-widget-text-editor .elementor-drop-cap-letter{display:inline-block}<\/style>\t\t\t\t<div class=\"entry-content\"><p><strong>INTRODUCCI\u00d3N:<\/strong><br \/>El presente documento tiene como finalidad el establecer y regular las normas de uso de este portal web , entendiendo por \u00e9ste todas las p\u00e1ginas y sus contenidos propiedad de AVANZA TRADUCCIONES S.L.L a las cuales se accede a trav\u00e9s del dominio h t t p s : \/ \/ a v a n z a t r a d u c c i o n e s . c o m . La utilizaci\u00f3n del portal web atribuye la condici\u00f3n de usuario del mismo e implica la aceptaci\u00f3n de todas las condiciones incluidas en el presente Aviso Legal. El usuario se compromete a leer atentamente el presente Aviso Legal en cada una de las ocasiones en que se proponga utilizar nuestro portal web ya que \u00e9ste y sus condiciones de uso recogidas en el presente Aviso Legal pueden sufrir modificaciones.<\/p><p><strong>DATOS IDENTIFICATIVOS:<\/strong><br \/>En cumplimiento con el deber de informaci\u00f3n recogido en art\u00edculo 10 de la Ley 34\/2002, de 11 de julio, de Servicios de la Sociedad de la Informaci\u00f3n y del Comercio Electr\u00f3nico, a continuaci\u00f3n se reflejan los siguientes datos:<br \/>El titular del presente Sitio es:<br \/>Raz\u00f3n social: AVANZA TRADUCCIONES S.L.L<br \/>CIF: B83795773<br \/>Domicilio: Calle PRIORATO, 25, 4\u00ba C, CP 28915 Legan\u00e9s, Madrid<br \/>Tel\u00e9fono: 915061636<br \/>Correo electr\u00f3nico: info@avanzatraducciones.com<br \/>Nombre del dominio: https:\/\/avanzatraducciones.com<br \/>Inscrita en el Registro: Madrid<br \/>Libro: 19395<br \/>Folio: 153<br \/>Secci\u00f3n: 8\u00aa<br \/>Hoja: M-340183<\/p><p><strong>USUARIOS:<\/strong><br \/>El acceso y\/o uso de este portal https:\/\/avanzatraducciones.com atribuye la condici\u00f3n de USUARIO, que acepta, desde dicho acceso y\/o uso, las Condiciones Generales de Uso aqu\u00ed reflejadas. Las citadas Condiciones ser\u00e1n de aplicaci\u00f3n independientemente de las Condiciones Generales de Contrataci\u00f3n que en su caso resulten de obligado cumplimiento.<\/p><p><strong>USO DEL PORTAL:<\/strong><br \/>https:\/\/avanzatraducciones.com proporciona el acceso a diversas informaciones sobre nuestra entidad, productos, modelos, servicios, apartados de contacto, posibles enlaces a redes sociales (en adelante, \u201clos contenidos\u201d) en internet pertenecientes a AVANZA TRADUCCIONES S.L.L o a sus licenciantes a los que el usuario pueda tener acceso. El usuario asume la responsabilidad del uso del portal.<br \/>Dicha responsabilidad se extiende al registro que fuese necesario para acceder a determinados servicios o contenidos, formalizar operaciones de compraventas, transacciones, contrataci\u00f3n o bien para posibilitar la respuesta en relaci\u00f3n a sus consultas en los apartados de contacto de la presente p\u00e1gina web, etc. En dicho registro el usuario ser\u00e1 responsable de aportar informaci\u00f3n veraz y l\u00edcita.<\/p><p>AVANZA TRADUCCIONES S.L.L por s\u00ed o como cesionaria, es titular de todos los derechos de propiedad intelectual e industrial de su p\u00e1gina web, as\u00ed como de los elementos contenidos en la misma (a t\u00edtulo enunciativo, im\u00e1genes, sonido, audio, v\u00eddeo, software o textos; marcas o logotipos, combinaciones de colores, estructura y dise\u00f1o, selecci\u00f3n de materiales usados, programas de ordenador necesarios para su funcionamiento, acceso y uso, etc.), titularidad de AVANZA TRADUCCIONES S.L.L todos los derechos reservados.<br \/>En virtud de lo dispuesto en los art\u00edculos 8 y 32.1, p\u00e1rrafo segundo, de la Ley de Propiedad Intelectual, quedan expresamente prohibidas la reproducci\u00f3n, la distribuci\u00f3n y la comunicaci\u00f3n p\u00fablica, incluida su modalidad de puesta a disposici\u00f3n, de la totalidad o parte de los contenidos de esta p\u00e1gina web, con fines comerciales, en cualquier soporte y por cualquier medio t\u00e9cnico, sin la autorizaci\u00f3n de AVANZA TRADUCCIONES S.L.L .<br \/>El usuario se compromete a respetar los derechos de Propiedad Intelectual e Industrial titularidad de AVANZA TRADUCCIONES S.L.L . La utilizaci\u00f3n no autorizada de la informaci\u00f3n contenida en este Sitio, as\u00ed como los perjuicios ocasionados en los derechos de propiedad intelectual e industrial de AVANZA TRADUCCIONES S.L.L pueden dar lugar al ejercicio de las acciones que legalmente correspondan y, si procede, a las responsabilidades que de dicho ejercicio se deriven.<\/p><p><strong>EXCLUSI\u00d3N DE GARANT\u00cdAS Y RESPONSABILIDAD:<\/strong><br \/>AVANZA TRADUCCIONES S.L.L no se hace responsable, en ning\u00fan caso, de los da\u00f1os y perjuicios de cualquier naturaleza que pudieran ocasionar, a t\u00edtulo enunciativo: errores u omisiones en los contenidos, falta de disponibilidad del portal o la transmisi\u00f3n de virus o programas maliciosos o lesivos en los contenidos, a pesar de haber adoptado todas las medidas tecnol\u00f3gicas necesarias para evitarlo.<br \/>El contenido, informaci\u00f3n y\/o consejos expresados en este portal web deben entenderse como simplemente orientativos. AVANZA TRADUCCIONES S.L.L no responde de ninguna forma de la efectividad o exactitud de los mismos, quedando exenta de cualquier responsabilidad con los usuarios que haga uso de ellos, ya que son \u00e9stas las que deber\u00e1n decidir seg\u00fan su criterio la oportunidad de los mismos. En este Sitio se pueden publicar contenidos y comentarios aportados por terceras personas. AVANZA TRADUCCIONES S.L.L no responde de la veracidad y exactitud de los mismos, quedando exenta de cualquier responsabilidad con los usuarios que hagan uso de ellos.<br \/>AVANZA TRADUCCIONES S.L.L se reserva el derecho de modificar el contenido del Sitio sin previo aviso y sin ning\u00fan tipo de limitaci\u00f3n. As\u00ed mismo la empresa declina cualquier responsabilidad por los eventuales da\u00f1os y perjuicios que puedan ocasionarse por la falta de disponibilidad y\/o continuidad de este Sitio y de los servicios que se ofrecen en \u00e9l. As\u00ed mismo, tampoco podemos\u00a0 garantizar la ausencia de virus ni de otros elementos en la Web que puedan producir alteraciones en su sistema inform\u00e1tico .<br \/>AVANZA TRADUCCIONES S.L.L declina cualquier responsabilidad por los servicios y\/o informaci\u00f3n que se preste en otros sitios enlazados con este, ya que no controla ni ejerce ning\u00fan tipo de supervisi\u00f3n en Sitios Webs de terceros. Aconsejamos a los usuarios de los mismos a actuar con prudencia y consultar las eventuales condiciones legales que se expongan en dichas Webs. As\u00ed mismo los Usuarios que remitan cualquier tipo de informaci\u00f3n a AVANZA TRADUCCIONES S.L.L se comprometen a que la misma sea veraz y que no vulnere cualquier derecho de terceros ni la legalidad vigente.<br \/>Si ud. cree que cualquier contenido y\/o informaci\u00f3n de este Sitio vulnera un derecho leg\u00edtimo o la legalidad vigente le agradecer\u00edamos que se pusiera en contacto con AVANZA TRADUCCIONES S.L.L para que podamos tomar las medidas oportunas.<br \/><strong>MODIFICACIONES:<\/strong><br \/>AVANZA TRADUCCIONES S.L.L se reserva el derecho de efectuar sin previo aviso las modificaciones que considere oportunas en su portal, pudiendo cambiar, suprimir o a\u00f1adir tanto los contenidos y servicios que se presten a trav\u00e9s de la misma como la forma en la que \u00e9stos aparezcan presentados o localizados en su portal.<br \/><strong>DERECHO DE EXCLUSI\u00d3N:<\/strong><br \/>AVANZA TRADUCCIONES S.L.L se reserva el derecho a denegar o retirar el acceso a portal y\/o los servicios ofrecidos sin necesidad de preaviso, a instancia propia o de un tercero, a aquellos<br \/>usuarios que incumplan las presentes Condiciones Generales de Uso.<br \/><strong>GENERALIDADES:<\/strong><br \/>AVANZA TRADUCCIONES S.L.L perseguir\u00e1 el incumplimiento de las presentes condiciones as\u00ed como cualquier utilizaci\u00f3n indebida de su portal ejerciendo todas las acciones civiles y penales<br \/>que le puedan corresponder en derecho.<br \/><strong>LEGISLACI\u00d3N APLICABLE<\/strong><br \/>El presente Aviso Legal se rige en todos y cada uno de sus extremos por la legislaci\u00f3n espa\u00f1ola.<br \/><strong>LEGISLACI\u00d3N APLICABLE Y JURISDICCI\u00d3N:<\/strong><br \/>La relaci\u00f3n entre AVANZA TRADUCCIONES S.L.L y el usuario se regir\u00e1 por la normativa espa\u00f1ola vigente y cualquier controversia se someter\u00e1 a los Juzgados y tribunales de la ciudad de<br \/>Legan\u00e9s<\/p><\/div>\t\t\t\t\t\t<\/div>\n\t\t\t\t<\/div>\n\t\t\t\t\t<\/div>\n\t\t\t\t<\/div>\n\t\t\t\t<\/div>\n\t\t","protected":false},"excerpt":{"rendered":"<p>INTRODUCCI\u00d3N:El presente documento tiene como finalidad el establecer y regular las normas de uso de este portal web , entendiendo por \u00e9ste todas las p\u00e1ginas y sus contenidos propiedad de AVANZA TRADUCCIONES S.L.L a las cuales se accede a trav\u00e9s del dominio h t t p s : \/ \/ a v a n z [&hellip;]<\/p>\n","protected":false},"author":1,"featured_media":0,"parent":0,"menu_order":0,"comment_status":"closed","ping_status":"closed","template":"","meta":{"_joinchat":[],"footnotes":""},"class_list":["post-1901","page","type-page","status-publish","hentry"],"yoast_head":"<!-- This site is optimized with the Yoast SEO plugin v22.8 - https:\/\/yoast.com\/wordpress\/plugins\/seo\/ -->\n<title>LEGAL NOTICE - Avanza Traducciones<\/title>\n<meta name=\"robots\" content=\"index, follow, max-snippet:-1, max-image-preview:large, max-video-preview:-1\" \/>\n<link rel=\"canonical\" href=\"https:\/\/avanzatraducciones.com\/en\/aviso-legal\/\" \/>\n<meta property=\"og:locale\" content=\"en_US\" \/>\n<meta property=\"og:type\" content=\"article\" \/>\n<meta property=\"og:title\" content=\"LEGAL NOTICE - Avanza Traducciones\" \/>\n<meta property=\"og:description\" content=\"INTRODUCCI\u00d3N:El presente documento tiene como finalidad el establecer y regular las normas de uso de este portal web , entendiendo por \u00e9ste todas las p\u00e1ginas y sus contenidos propiedad de AVANZA TRADUCCIONES S.L.L a las cuales se accede a trav\u00e9s del dominio h t t p s : \/ \/ a v a n z [&hellip;]\" \/>\n<meta property=\"og:url\" content=\"https:\/\/avanzatraducciones.com\/en\/aviso-legal\/\" \/>\n<meta property=\"og:site_name\" content=\"Avanza Traducciones\" \/>\n<meta property=\"article:modified_time\" content=\"2024-06-07T08:45:58+00:00\" \/>\n<meta name=\"twitter:card\" content=\"summary_large_image\" \/>\n<meta name=\"twitter:label1\" content=\"Est. reading time\" \/>\n\t<meta name=\"twitter:data1\" content=\"6 minutes\" \/>\n<script type=\"application\/ld+json\" class=\"yoast-schema-graph\">{\"@context\":\"https:\/\/schema.org\",\"@graph\":[{\"@type\":\"WebPage\",\"@id\":\"https:\/\/avanzatraducciones.com\/en\/aviso-legal\/\",\"url\":\"https:\/\/avanzatraducciones.com\/en\/aviso-legal\/\",\"name\":\"LEGAL NOTICE - Avanza Traducciones\",\"isPartOf\":{\"@id\":\"https:\/\/avanzatraducciones.com\/#website\"},\"datePublished\":\"2024-05-29T08:59:45+00:00\",\"dateModified\":\"2024-06-07T08:45:58+00:00\",\"breadcrumb\":{\"@id\":\"https:\/\/avanzatraducciones.com\/en\/aviso-legal\/#breadcrumb\"},\"inLanguage\":\"en-US\",\"potentialAction\":[{\"@type\":\"ReadAction\",\"target\":[\"https:\/\/avanzatraducciones.com\/en\/aviso-legal\/\"]}]},{\"@type\":\"BreadcrumbList\",\"@id\":\"https:\/\/avanzatraducciones.com\/en\/aviso-legal\/#breadcrumb\",\"itemListElement\":[{\"@type\":\"ListItem\",\"position\":1,\"name\":\"Portada\",\"item\":\"https:\/\/avanzatraducciones.com\/en\/advance-translations-linguistic-services\/\"},{\"@type\":\"ListItem\",\"position\":2,\"name\":\"LEGAL NOTICE\"}]},{\"@type\":\"WebSite\",\"@id\":\"https:\/\/avanzatraducciones.com\/#website\",\"url\":\"https:\/\/avanzatraducciones.com\/\",\"name\":\"Avanza Traducciones\",\"description\":\"Agencia de Traducciones, Interpretaci\u00f3n y Transcripciones\",\"publisher\":{\"@id\":\"https:\/\/avanzatraducciones.com\/#organization\"},\"potentialAction\":[{\"@type\":\"SearchAction\",\"target\":{\"@type\":\"EntryPoint\",\"urlTemplate\":\"https:\/\/avanzatraducciones.com\/?s={search_term_string}\"},\"query-input\":\"required name=search_term_string\"}],\"inLanguage\":\"en-US\"},{\"@type\":\"Organization\",\"@id\":\"https:\/\/avanzatraducciones.com\/#organization\",\"name\":\"Avanza Traducciones\",\"url\":\"https:\/\/avanzatraducciones.com\/\",\"logo\":{\"@type\":\"ImageObject\",\"inLanguage\":\"en-US\",\"@id\":\"https:\/\/avanzatraducciones.com\/#\/schema\/logo\/image\/\",\"url\":\"https:\/\/avanzatraducciones.com\/wp-content\/uploads\/2024\/05\/logo-avanza-traducciones-blanco-rojo-80.png\",\"contentUrl\":\"https:\/\/avanzatraducciones.com\/wp-content\/uploads\/2024\/05\/logo-avanza-traducciones-blanco-rojo-80.png\",\"width\":262,\"height\":90,\"caption\":\"Avanza Traducciones\"},\"image\":{\"@id\":\"https:\/\/avanzatraducciones.com\/#\/schema\/logo\/image\/\"}}]}<\/script>\n<!-- \/ Yoast SEO plugin. -->","yoast_head_json":{"title":"LEGAL NOTICE - Avanza Traducciones","robots":{"index":"index","follow":"follow","max-snippet":"max-snippet:-1","max-image-preview":"max-image-preview:large","max-video-preview":"max-video-preview:-1"},"canonical":"https:\/\/avanzatraducciones.com\/en\/aviso-legal\/","og_locale":"en_US","og_type":"article","og_title":"LEGAL NOTICE - Avanza Traducciones","og_description":"INTRODUCCI\u00d3N:El presente documento tiene como finalidad el establecer y regular las normas de uso de este portal web , entendiendo por \u00e9ste todas las p\u00e1ginas y sus contenidos propiedad de AVANZA TRADUCCIONES S.L.L a las cuales se accede a trav\u00e9s del dominio h t t p s : \/ \/ a v a n z [&hellip;]","og_url":"https:\/\/avanzatraducciones.com\/en\/aviso-legal\/","og_site_name":"Avanza Traducciones","article_modified_time":"2024-06-07T08:45:58+00:00","twitter_card":"summary_large_image","twitter_misc":{"Est. reading time":"6 minutes"},"schema":{"@context":"https:\/\/schema.org","@graph":[{"@type":"WebPage","@id":"https:\/\/avanzatraducciones.com\/en\/aviso-legal\/","url":"https:\/\/avanzatraducciones.com\/en\/aviso-legal\/","name":"LEGAL NOTICE - Avanza Traducciones","isPartOf":{"@id":"https:\/\/avanzatraducciones.com\/#website"},"datePublished":"2024-05-29T08:59:45+00:00","dateModified":"2024-06-07T08:45:58+00:00","breadcrumb":{"@id":"https:\/\/avanzatraducciones.com\/en\/aviso-legal\/#breadcrumb"},"inLanguage":"en-US","potentialAction":[{"@type":"ReadAction","target":["https:\/\/avanzatraducciones.com\/en\/aviso-legal\/"]}]},{"@type":"BreadcrumbList","@id":"https:\/\/avanzatraducciones.com\/en\/aviso-legal\/#breadcrumb","itemListElement":[{"@type":"ListItem","position":1,"name":"Portada","item":"https:\/\/avanzatraducciones.com\/en\/advance-translations-linguistic-services\/"},{"@type":"ListItem","position":2,"name":"LEGAL NOTICE"}]},{"@type":"WebSite","@id":"https:\/\/avanzatraducciones.com\/#website","url":"https:\/\/avanzatraducciones.com\/","name":"Avanza Traducciones","description":"Agencia de Traducciones, Interpretaci\u00f3n y Transcripciones","publisher":{"@id":"https:\/\/avanzatraducciones.com\/#organization"},"potentialAction":[{"@type":"SearchAction","target":{"@type":"EntryPoint","urlTemplate":"https:\/\/avanzatraducciones.com\/?s={search_term_string}"},"query-input":"required name=search_term_string"}],"inLanguage":"en-US"},{"@type":"Organization","@id":"https:\/\/avanzatraducciones.com\/#organization","name":"Avanza Traducciones","url":"https:\/\/avanzatraducciones.com\/","logo":{"@type":"ImageObject","inLanguage":"en-US","@id":"https:\/\/avanzatraducciones.com\/#\/schema\/logo\/image\/","url":"https:\/\/avanzatraducciones.com\/wp-content\/uploads\/2024\/05\/logo-avanza-traducciones-blanco-rojo-80.png","contentUrl":"https:\/\/avanzatraducciones.com\/wp-content\/uploads\/2024\/05\/logo-avanza-traducciones-blanco-rojo-80.png","width":262,"height":90,"caption":"Avanza Traducciones"},"image":{"@id":"https:\/\/avanzatraducciones.com\/#\/schema\/logo\/image\/"}}]}},"_links":{"self":[{"href":"https:\/\/avanzatraducciones.com\/en\/wp-json\/wp\/v2\/pages\/1901","targetHints":{"allow":["GET"]}}],"collection":[{"href":"https:\/\/avanzatraducciones.com\/en\/wp-json\/wp\/v2\/pages"}],"about":[{"href":"https:\/\/avanzatraducciones.com\/en\/wp-json\/wp\/v2\/types\/page"}],"author":[{"embeddable":true,"href":"https:\/\/avanzatraducciones.com\/en\/wp-json\/wp\/v2\/users\/1"}],"replies":[{"embeddable":true,"href":"https:\/\/avanzatraducciones.com\/en\/wp-json\/wp\/v2\/comments?post=1901"}],"version-history":[{"count":2,"href":"https:\/\/avanzatraducciones.com\/en\/wp-json\/wp\/v2\/pages\/1901\/revisions"}],"predecessor-version":[{"id":3043,"href":"https:\/\/avanzatraducciones.com\/en\/wp-json\/wp\/v2\/pages\/1901\/revisions\/3043"}],"wp:attachment":[{"href":"https:\/\/avanzatraducciones.com\/en\/wp-json\/wp\/v2\/media?parent=1901"}],"curies":[{"name":"wp","href":"https:\/\/api.w.org\/{rel}","templated":true}]}}