{"id":1878,"date":"2024-05-29T10:31:17","date_gmt":"2024-05-29T08:31:17","guid":{"rendered":"http:\/\/avanzatraducciones.com\/?page_id=1878"},"modified":"2024-06-07T10:45:38","modified_gmt":"2024-06-07T08:45:38","slug":"declaracion-accesibilidad-wcag-2-1-aa-2","status":"publish","type":"page","link":"https:\/\/avanzatraducciones.com\/en\/declaracion-accesibilidad-wcag-2-1-aa-2\/","title":{"rendered":"ACCESSIBILITY STATEMENT WCAG 2.1 AA"},"content":{"rendered":"\t\t<div data-elementor-type=\"wp-page\" data-elementor-id=\"1878\" class=\"elementor elementor-1878 elementor-1880\" data-elementor-post-type=\"page\">\n\t\t\t\t<div class=\"elementor-element elementor-element-605c363 e-flex e-con-boxed e-con e-parent\" data-id=\"605c363\" data-element_type=\"container\">\n\t\t\t\t\t<div class=\"e-con-inner\">\n\t\t\t\t<div class=\"elementor-element elementor-element-ede8e08 elementor-widget elementor-widget-heading\" data-id=\"ede8e08\" data-element_type=\"widget\" data-widget_type=\"heading.default\">\n\t\t\t\t<div class=\"elementor-widget-container\">\n\t\t\t<style>\/*! elementor - v3.21.0 - 20-05-2024 *\/\n.elementor-heading-title{padding:0;margin:0;line-height:1}.elementor-widget-heading .elementor-heading-title[class*=elementor-size-]>a{color:inherit;font-size:inherit;line-height:inherit}.elementor-widget-heading .elementor-heading-title.elementor-size-small{font-size:15px}.elementor-widget-heading .elementor-heading-title.elementor-size-medium{font-size:19px}.elementor-widget-heading .elementor-heading-title.elementor-size-large{font-size:29px}.elementor-widget-heading .elementor-heading-title.elementor-size-xl{font-size:39px}.elementor-widget-heading .elementor-heading-title.elementor-size-xxl{font-size:59px}<\/style><h2 class=\"elementor-heading-title elementor-size-default\">ACCESSIBILITY STATEMENT WCAG 2.1 AA<\/h2>\t\t<\/div>\n\t\t\t\t<\/div>\n\t\t\t\t<div class=\"elementor-element elementor-element-8ab6bf1 elementor-widget elementor-widget-text-editor\" data-id=\"8ab6bf1\" data-element_type=\"widget\" data-widget_type=\"text-editor.default\">\n\t\t\t\t<div class=\"elementor-widget-container\">\n\t\t\t<style>\/*! elementor - v3.21.0 - 20-05-2024 *\/\n.elementor-widget-text-editor.elementor-drop-cap-view-stacked .elementor-drop-cap{background-color:#69727d;color:#fff}.elementor-widget-text-editor.elementor-drop-cap-view-framed .elementor-drop-cap{color:#69727d;border:3px solid;background-color:transparent}.elementor-widget-text-editor:not(.elementor-drop-cap-view-default) .elementor-drop-cap{margin-top:8px}.elementor-widget-text-editor:not(.elementor-drop-cap-view-default) .elementor-drop-cap-letter{width:1em;height:1em}.elementor-widget-text-editor .elementor-drop-cap{float:left;text-align:center;line-height:1;font-size:50px}.elementor-widget-text-editor .elementor-drop-cap-letter{display:inline-block}<\/style>\t\t\t\t<header><p><strong>Situaci\u00f3n de cumplimiento<br \/><\/strong><\/p><p>Este sitio web es <strong>Parcialmente Conforme<\/strong> con el RD 1112\/2018 debido a la falta de conformidad de los aspectos que se indican a continuaci\u00f3n.<\/p><p><strong>Contenido no accesible<br \/><\/strong><\/p><p>El contenido que se recoge a continuaci\u00f3n no es accesible por los siguientes motivos:<\/p><p>\u00b7 Falta de conformidad:<br \/>\u2013 Algunas de las p\u00e1ginas no tienen definido su t\u00edtulo correctamente \u2013 Requisito n\u00famero 9.2.4.2 Titulado de p\u00e1ginas de UNE-EN 301549:2022<br \/>\u2013 Pueden existir algunas im\u00e1genes cuya alternativa no est\u00e9 implementada o no sea correcta \u2013 \u2013 Requisito 9.1.1.1 Contenido no textual UNE-EN 301549:2022<br \/>\u2013 Pueden existir encabezados que no sean claros o breves, o que no deber\u00edan ser encabezados \u2013 Requisito n\u00famero 9.2.4.6 Encabezados y etiquetas de UNE-EN 301549:2022<br \/>\u2013 Puede haber campos de formulario donde su etiqueta no sea correcta o no exista \u2013 Requisito n\u00famero 9.2.5.3 Inclusi\u00f3n de la etiqueta en el nombre de UNE-EN 301549:2022 y requisito 9.3.3.2 Etiquetas o instrucciones de UNE-EN 301549:2022<br \/>\u2013 Podr\u00edan existir fallos puntuales de edici\u00f3n en alguna p\u00e1gina web.<\/p><p>\u00b7 Carga desproporcionada: No resulta aplicable.<br \/>\u00b7 El contenido no entra dentro del \u00e1mbito de la legislaci\u00f3n aplicable.<\/p><p>Podr\u00edan existir archivos ofim\u00e1ticos en PDF u otros formatos publicados antes del 20 de septiembre de 2018 que no cumplan en su totalidad todos los requisitos de accesibilidad.<\/p><p>Puede haber contenidos de terceros que no est\u00e9n desarrollados en esta Unidad, ni bajo su control, como archivos ofim\u00e1ticos de diferentes organismos que deban publicarse en este sitio.<\/p><\/header><p><strong>Estado de cumplimiento<\/strong><\/p><p>Creemos firmemente que Internet debe estar disponible y accesible para todos, y estamos comprometidos a proporcionar un sitio web que sea accesible para la audiencia m\u00e1s amplia posible, independientemente de las circunstancias y la capacidad.<\/p><p>Para cumplir con esto, nuestro objetivo es adherirnos lo m\u00e1s estrictamente posible a las Directrices de Accesibilidad al Contenido Web 2.1 (<em>WCAG<\/em> 2.1 AA) del World Wide Web Consortium (W3C) en el nivel AA. Estas pautas explican c\u00f3mo hacer que el contenido web sea accesible para personas con una amplia gama de discapacidades. Cumplir con esas pautas nos ayuda a garantizar que el sitio web sea accesible para todas las personas: personas ciegas, personas con discapacidad motora, discapacidad visual, discapacidad cognitiva y m\u00e1s.<\/p><p>Este sitio web utiliza varias tecnolog\u00edas destinadas a hacerlo lo m\u00e1s accesible posible en todo momento. Utilizamos una interfaz de accesibilidad que permite a las personas con discapacidades espec\u00edficas ajustar la interfaz de usuario (interfaz de usuario) del sitio web y dise\u00f1arla seg\u00fan sus necesidades personales.<\/p><p>Adem\u00e1s, el sitio web utiliza una aplicaci\u00f3n basada en inteligencia artificial que se ejecuta en segundo plano y optimiza constantemente su nivel de accesibilidad. Esta aplicaci\u00f3n repara el HTML del sitio web, adapta su funcionalidad y comportamiento para los lectores de pantalla utilizados por los usuarios invidentes y para las funciones del teclado utilizadas por las personas con discapacidad motora.<\/p><p>Si ha encontrado un mal funcionamiento o tiene ideas para mejorar, estaremos encantados de saber de usted. Puede comunicarse con los operadores del sitio web utilizando el siguiente correo electr\u00f3nico web@bufetesanchezhidalgo.com<\/p><p><strong>Lector de pantalla y navegaci\u00f3n con teclado<\/strong><\/p><p>Nuestro sitio web implementa la t\u00e9cnica de atributos ARIA (Accessible Rich Internet Applications), junto con varios cambios de comportamiento diferentes, para garantizar que los usuarios ciegos que visitan con lectores de pantalla puedan leer, comprender y disfrutar de las funciones del sitio web. Tan pronto como un usuario con un lector de pantalla ingresa a su sitio, inmediatamente recibe un aviso para ingresar al perfil de lector de pantalla para que pueda navegar y operar su sitio de manera efectiva. As\u00ed es como nuestro sitio web cubre algunos de los requisitos m\u00e1s importantes del lector de pantalla, junto con capturas de pantalla de consola de ejemplos de c\u00f3digo:<\/p><ol><li><p><strong>Optimizaci\u00f3n del lector de pantalla:<\/strong> ejecutamos un proceso en segundo plano que aprende los componentes del sitio web de arriba a abajo, para garantizar el cumplimiento continuo incluso cuando se actualiza el sitio web. En este proceso, proporcionamos a los lectores de pantalla datos significativos utilizando el conjunto de atributos ARIA. Por ejemplo, proporcionamos etiquetas de formulario precisas; descripciones de \u00edconos accionables (\u00edconos de redes sociales, \u00edconos de b\u00fasqueda, \u00edconos de carrito, etc.); gu\u00eda de validaci\u00f3n para entradas de formulario; roles de elementos como botones, men\u00fas, di\u00e1logos modales (ventanas emergentes) y otros. Adem\u00e1s, el proceso en segundo plano escanea todas las im\u00e1genes del sitio web y proporciona una descripci\u00f3n precisa y significativa basada en el reconocimiento de objetos de imagen como una etiqueta ALT (texto alternativo) para las im\u00e1genes que no se describen. Tambi\u00e9n extraer\u00e1 textos que est\u00e1n incrustados dentro de la imagen, utilizando una tecnolog\u00eda OCR (reconocimiento \u00f3ptico de caracteres). Para activar los ajustes del lector de pantalla en cualquier momento, los usuarios solo necesitan presionar la combinaci\u00f3n de teclado Alt+1. Los usuarios de lectores de pantalla tambi\u00e9n reciben anuncios autom\u00e1ticos para activar el modo de lector de pantalla tan pronto como ingresan al sitio web.<\/p><p>Estos ajustes son compatibles con todos los lectores de pantalla populares, incluidos JAWS y NVDA.<\/p><\/li><li><p><strong>Optimizaci\u00f3n de la navegaci\u00f3n con teclado:<\/strong> el proceso en segundo plano tambi\u00e9n ajusta el HTML del sitio web y agrega varios comportamientos mediante el uso de c\u00f3digo JavaScript para que el sitio web funcione con el teclado. Esto incluye la capacidad de navegar por el sitio web usando las teclas Tab y Shift+Tab, operar los men\u00fas desplegables con las teclas de flecha, cerrarlos con Esc, activar botones y enlaces usando la tecla Enter, navegar entre elementos de radio y casillas de verificaci\u00f3n usando las teclas de flecha, y rell\u00e9nelos con la barra espaciadora o la tecla Intro. Adem\u00e1s, los usuarios de teclado encontrar\u00e1n men\u00fas de navegaci\u00f3n r\u00e1pida y de salto de contenido, disponibles en cualquier momento haciendo clic en Alt+1, o como los primeros elementos del sitio mientras navegan con el teclado. El proceso en segundo plano tambi\u00e9n maneja las ventanas emergentes activadas moviendo el enfoque del teclado hacia ellas tan pronto como aparecen, y no permite que el enfoque se desv\u00ede fuera de \u00e9l.<\/p><p>Los usuarios tambi\u00e9n pueden usar accesos directos como \u201cM\u201d (men\u00fas), \u201cH\u201d (encabezados), \u201cF\u201d (formularios), \u201cB\u201d (botones) y \u201cG\u201d (gr\u00e1ficos) para saltar a elementos espec\u00edficos.<\/p><\/li><\/ol><h3>Perfiles de discapacidad admitidos en nuestra web<\/h3><ul><li><strong>Modo seguro para epilepsia:<\/strong> este perfil permite a las personas con epilepsia utilizar el sitio web de forma segura al eliminar el riesgo de convulsiones que resultan de las animaciones parpadeantes o parpadeantes y las combinaciones de colores arriesgadas.<\/li><li><strong>Modo para personas con discapacidad visual:<\/strong> este modo ajusta el sitio web para la comodidad de los usuarios con discapacidades visuales, como visi\u00f3n degradada, visi\u00f3n de t\u00fanel, cataratas, glaucoma y otras.<\/li><li><strong>Modo de discapacidad cognitiva:<\/strong> este modo proporciona diferentes opciones de asistencia para ayudar a los usuarios con deficiencias cognitivas como dislexia, autismo, CVA y otros, a concentrarse en los elementos esenciales del sitio web con mayor facilidad.<\/li><li><strong>Modo compatible con TDAH:<\/strong> este modo ayuda a los usuarios con TDAH y trastornos del neurodesarrollo a leer, navegar y concentrarse en los elementos principales del sitio web con mayor facilidad, al tiempo que reduce significativamente las distracciones.<\/li><li><strong>Modo Invidente:<\/strong> este modo configura el sitio web para que sea compatible con lectores de pantalla como JAWS, NVDA, VoiceOver y TalkBack. Un lector de pantalla es un software para usuarios ciegos que se instala en una computadora y un tel\u00e9fono inteligente, y los sitios web deben ser compatibles con \u00e9l.<br \/><strong>Perfil de navegaci\u00f3n del teclado (discapacidad motora):<\/strong> este perfil permite a las personas con discapacidad motora operar el sitio web utilizando las teclas Tabulador, May\u00fas+Tabulador y las teclas Intro del teclado. Los usuarios tambi\u00e9n pueden usar accesos directos como \u201cM\u201d (men\u00fas), \u201cH\u201d (encabezados), \u201cF\u201d (formularios), \u201cB\u201d (botones) y \u201cG\u201d (gr\u00e1ficos) para saltar a elementos espec\u00edficos.\u00a0this profile enables motor-impaired persons to operate the website using the keyboard Tab, Shift+Tab, and the Enter keys. Users can also use shortcuts such as \u201cM\u201d (menus), \u201cH\u201d (headings), \u201cF\u201d (forms), \u201cB\u201d (buttons), and \u201cG\u201d (graphics) to jump to specific elements.<\/li><\/ul><h3>Ajustes adicionales de interfaz de usuario, dise\u00f1o y legibilidad<\/h3><ol><li><strong>Ajustes de fuente:<\/strong> los usuarios pueden aumentar y disminuir su tama\u00f1o, cambiar su familia (tipo), ajustar el espaciado, la alineaci\u00f3n, la altura de la l\u00ednea y m\u00e1s.<\/li><li><strong>Ajustes de color:<\/strong> los usuarios pueden seleccionar varios perfiles de contraste de color, como claro, oscuro, invertido y monocrom\u00e1tico. Adem\u00e1s, los usuarios pueden intercambiar combinaciones de colores de t\u00edtulos, textos y fondos, con m\u00e1s de 7 opciones de color diferentes.<\/li><li><strong>Animaciones:<\/strong> los usuarios epil\u00e9pticos pueden detener todas las animaciones en ejecuci\u00f3n con solo hacer clic en un bot\u00f3n. Las animaciones controladas por la interfaz incluyen videos, GIF y transiciones intermitentes de CSS.<\/li><li><strong>Resaltado de contenido:<\/strong> los usuarios pueden optar por enfatizar elementos importantes como enlaces y t\u00edtulos. Tambi\u00e9n pueden optar por resaltar solo los elementos enfocados o suspendidos.<\/li><li><strong>Silenciamiento de audio:<\/strong> los usuarios con dispositivos auditivos pueden experimentar dolores de cabeza u otros problemas debido a la reproducci\u00f3n autom\u00e1tica de audio. Esta opci\u00f3n permite a los usuarios silenciar todo el sitio web al instante.<\/li><li><strong>Trastornos cognitivos:<\/strong> utilizamos un motor de b\u00fasqueda que est\u00e1 vinculado a Wikipedia y Wiktionary, lo que permite a las personas con trastornos cognitivos descifrar significados de frases, iniciales, jerga y otros.<\/li><li><strong>Funciones adicionales:<\/strong> brindamos a los usuarios la opci\u00f3n de cambiar el color y el tama\u00f1o del cursor, usar un modo de impresi\u00f3n, habilitar un teclado virtual y muchas otras funciones.<\/li><\/ol><h3>Compatibilidad con el navegador y la tecnolog\u00eda de asistencia<\/h3><p>Nuestro objetivo es admitir la gama m\u00e1s amplia posible de navegadores y tecnolog\u00edas de asistencia, para que nuestros usuarios puedan elegir las herramientas que mejor se adapten a ellos, con la menor cantidad de limitaciones posible. Por lo tanto, hemos trabajado muy duro para poder admitir todos los sistemas principales que comprenden m\u00e1s del 95 % de la cuota de mercado de los usuarios, incluidos Google Chrome, Mozilla Firefox, Apple Safari, Opera y Microsoft Edge, JAWS y NVDA (lectores de pantalla), tanto para Windows y para usuarios de MAC.<\/p><h3>Notas, comentarios y retroalimentaci\u00f3n<\/h3><p>A pesar de nuestros mejores esfuerzos para permitir que cualquier persona pueda ajustar el sitio web a sus necesidades, a\u00fan pueden existir p\u00e1ginas o secciones que no son completamente accesibles, est\u00e1n en proceso de hacerlo o carecen de una soluci\u00f3n tecnol\u00f3gica adecuada para hacerlo accesible. A\u00fan as\u00ed, estamos mejorando continuamente nuestra accesibilidad, agregando, actualizando y mejorando sus opciones y funciones, y desarrollando y adoptando nuevas tecnolog\u00edas. Todo ello para alcanzar el nivel \u00f3ptimo de accesibilidad, siguiendo los avances tecnol\u00f3gicos. Para cualquier ayuda, comun\u00edquese con web@bufetesanchezhidalgo.com<\/p><p><strong>Observaciones y datos de contacto<\/strong><\/p><p>Puede realizar comunicaciones sobre requisitos de accesibilidad [art\u00edculo 10.2.a) del RD 1112\/2018] como, por ejemplo:<\/p><p>\u00a0\u2013 Informar sobre cualquier posible incumplimiento por parte de este sitio web.<br \/>\u2013\u00a0 Transmitir otras dificultades de acceso al contenido.<br \/>\u2013\u00a0 Formular cualquier otra consulta o sugerencia de mejora relativa a la accesibilidad del sitio web contactandonos por cualquier de los medios disponibles en esta web.<\/p><p>Puede presentar:<\/p><ul><li>Una queja relativa al cumplimiento de los requisitos del RD 1112\/2018<\/li><li>Una solicitud de informaci\u00f3n accesible relativa a:<br \/>\u2013 Contenidos que est\u00e1n excluidos del \u00e1mbito de aplicaci\u00f3n del RD 1112\/2018 seg\u00fan lo establecido por el art\u00edculo 3, apartado 4.<br \/>\u2013 Contenidos que est\u00e1n exentos del cumplimiento de los requisitos de accesibilidad por imponer una carga desproporcionada.<\/li><\/ul><p>En la solicitud de informaci\u00f3n accesible, se debe concretar, con toda claridad, los hechos, razones y petici\u00f3n que permitan constatar que se trata de una solicitud razonable y leg\u00edtima.<\/p>\t\t\t\t\t\t<\/div>\n\t\t\t\t<\/div>\n\t\t\t\t\t<\/div>\n\t\t\t\t<\/div>\n\t\t\t\t<\/div>\n\t\t","protected":false},"excerpt":{"rendered":"<p>Situaci\u00f3n de cumplimiento Este sitio web es Parcialmente Conforme con el RD 1112\/2018 debido a la falta de conformidad de los aspectos que se indican a continuaci\u00f3n. Contenido no accesible El contenido que se recoge a continuaci\u00f3n no es accesible por los siguientes motivos: \u00b7 Falta de conformidad:\u2013 Algunas de las p\u00e1ginas no tienen definido [&hellip;]<\/p>\n","protected":false},"author":2,"featured_media":0,"parent":0,"menu_order":0,"comment_status":"closed","ping_status":"closed","template":"","meta":{"_joinchat":[],"footnotes":""},"class_list":["post-1878","page","type-page","status-publish","hentry"],"yoast_head":"<!-- This site is optimized with the Yoast SEO plugin v22.8 - https:\/\/yoast.com\/wordpress\/plugins\/seo\/ -->\n<title>ACCESSIBILITY STATEMENT WCAG 2.1 AA - Avanza Traducciones<\/title>\n<meta name=\"robots\" content=\"index, follow, max-snippet:-1, max-image-preview:large, max-video-preview:-1\" \/>\n<link rel=\"canonical\" href=\"https:\/\/avanzatraducciones.com\/en\/declaracion-accesibilidad-wcag-2-1-aa-2\/\" \/>\n<meta property=\"og:locale\" content=\"en_US\" \/>\n<meta property=\"og:type\" content=\"article\" \/>\n<meta property=\"og:title\" content=\"ACCESSIBILITY STATEMENT WCAG 2.1 AA - Avanza Traducciones\" \/>\n<meta property=\"og:description\" content=\"Situaci\u00f3n de cumplimiento Este sitio web es Parcialmente Conforme con el RD 1112\/2018 debido a la falta de conformidad de los aspectos que se indican a continuaci\u00f3n. Contenido no accesible El contenido que se recoge a continuaci\u00f3n no es accesible por los siguientes motivos: \u00b7 Falta de conformidad:\u2013 Algunas de las p\u00e1ginas no tienen definido [&hellip;]\" \/>\n<meta property=\"og:url\" content=\"https:\/\/avanzatraducciones.com\/en\/declaracion-accesibilidad-wcag-2-1-aa-2\/\" \/>\n<meta property=\"og:site_name\" content=\"Avanza Traducciones\" \/>\n<meta property=\"article:modified_time\" content=\"2024-06-07T08:45:38+00:00\" \/>\n<meta name=\"twitter:card\" content=\"summary_large_image\" \/>\n<meta name=\"twitter:label1\" content=\"Est. reading time\" \/>\n\t<meta name=\"twitter:data1\" content=\"10 minutes\" \/>\n<script type=\"application\/ld+json\" class=\"yoast-schema-graph\">{\"@context\":\"https:\/\/schema.org\",\"@graph\":[{\"@type\":\"WebPage\",\"@id\":\"https:\/\/avanzatraducciones.com\/en\/declaracion-accesibilidad-wcag-2-1-aa-2\/\",\"url\":\"https:\/\/avanzatraducciones.com\/en\/declaracion-accesibilidad-wcag-2-1-aa-2\/\",\"name\":\"ACCESSIBILITY STATEMENT WCAG 2.1 AA - Avanza Traducciones\",\"isPartOf\":{\"@id\":\"https:\/\/avanzatraducciones.com\/#website\"},\"datePublished\":\"2024-05-29T08:31:17+00:00\",\"dateModified\":\"2024-06-07T08:45:38+00:00\",\"breadcrumb\":{\"@id\":\"https:\/\/avanzatraducciones.com\/en\/declaracion-accesibilidad-wcag-2-1-aa-2\/#breadcrumb\"},\"inLanguage\":\"en-US\",\"potentialAction\":[{\"@type\":\"ReadAction\",\"target\":[\"https:\/\/avanzatraducciones.com\/en\/declaracion-accesibilidad-wcag-2-1-aa-2\/\"]}]},{\"@type\":\"BreadcrumbList\",\"@id\":\"https:\/\/avanzatraducciones.com\/en\/declaracion-accesibilidad-wcag-2-1-aa-2\/#breadcrumb\",\"itemListElement\":[{\"@type\":\"ListItem\",\"position\":1,\"name\":\"Portada\",\"item\":\"https:\/\/avanzatraducciones.com\/en\/advance-translations-linguistic-services\/\"},{\"@type\":\"ListItem\",\"position\":2,\"name\":\"ACCESSIBILITY STATEMENT WCAG 2.1 AA\"}]},{\"@type\":\"WebSite\",\"@id\":\"https:\/\/avanzatraducciones.com\/#website\",\"url\":\"https:\/\/avanzatraducciones.com\/\",\"name\":\"Avanza Traducciones\",\"description\":\"Agencia de Traducciones, Interpretaci\u00f3n y Transcripciones\",\"publisher\":{\"@id\":\"https:\/\/avanzatraducciones.com\/#organization\"},\"potentialAction\":[{\"@type\":\"SearchAction\",\"target\":{\"@type\":\"EntryPoint\",\"urlTemplate\":\"https:\/\/avanzatraducciones.com\/?s={search_term_string}\"},\"query-input\":\"required name=search_term_string\"}],\"inLanguage\":\"en-US\"},{\"@type\":\"Organization\",\"@id\":\"https:\/\/avanzatraducciones.com\/#organization\",\"name\":\"Avanza Traducciones\",\"url\":\"https:\/\/avanzatraducciones.com\/\",\"logo\":{\"@type\":\"ImageObject\",\"inLanguage\":\"en-US\",\"@id\":\"https:\/\/avanzatraducciones.com\/#\/schema\/logo\/image\/\",\"url\":\"https:\/\/avanzatraducciones.com\/wp-content\/uploads\/2024\/05\/logo-avanza-traducciones-blanco-rojo-80.png\",\"contentUrl\":\"https:\/\/avanzatraducciones.com\/wp-content\/uploads\/2024\/05\/logo-avanza-traducciones-blanco-rojo-80.png\",\"width\":262,\"height\":90,\"caption\":\"Avanza Traducciones\"},\"image\":{\"@id\":\"https:\/\/avanzatraducciones.com\/#\/schema\/logo\/image\/\"}}]}<\/script>\n<!-- \/ Yoast SEO plugin. -->","yoast_head_json":{"title":"ACCESSIBILITY STATEMENT WCAG 2.1 AA - Avanza Traducciones","robots":{"index":"index","follow":"follow","max-snippet":"max-snippet:-1","max-image-preview":"max-image-preview:large","max-video-preview":"max-video-preview:-1"},"canonical":"https:\/\/avanzatraducciones.com\/en\/declaracion-accesibilidad-wcag-2-1-aa-2\/","og_locale":"en_US","og_type":"article","og_title":"ACCESSIBILITY STATEMENT WCAG 2.1 AA - Avanza Traducciones","og_description":"Situaci\u00f3n de cumplimiento Este sitio web es Parcialmente Conforme con el RD 1112\/2018 debido a la falta de conformidad de los aspectos que se indican a continuaci\u00f3n. Contenido no accesible El contenido que se recoge a continuaci\u00f3n no es accesible por los siguientes motivos: \u00b7 Falta de conformidad:\u2013 Algunas de las p\u00e1ginas no tienen definido [&hellip;]","og_url":"https:\/\/avanzatraducciones.com\/en\/declaracion-accesibilidad-wcag-2-1-aa-2\/","og_site_name":"Avanza Traducciones","article_modified_time":"2024-06-07T08:45:38+00:00","twitter_card":"summary_large_image","twitter_misc":{"Est. reading time":"10 minutes"},"schema":{"@context":"https:\/\/schema.org","@graph":[{"@type":"WebPage","@id":"https:\/\/avanzatraducciones.com\/en\/declaracion-accesibilidad-wcag-2-1-aa-2\/","url":"https:\/\/avanzatraducciones.com\/en\/declaracion-accesibilidad-wcag-2-1-aa-2\/","name":"ACCESSIBILITY STATEMENT WCAG 2.1 AA - Avanza Traducciones","isPartOf":{"@id":"https:\/\/avanzatraducciones.com\/#website"},"datePublished":"2024-05-29T08:31:17+00:00","dateModified":"2024-06-07T08:45:38+00:00","breadcrumb":{"@id":"https:\/\/avanzatraducciones.com\/en\/declaracion-accesibilidad-wcag-2-1-aa-2\/#breadcrumb"},"inLanguage":"en-US","potentialAction":[{"@type":"ReadAction","target":["https:\/\/avanzatraducciones.com\/en\/declaracion-accesibilidad-wcag-2-1-aa-2\/"]}]},{"@type":"BreadcrumbList","@id":"https:\/\/avanzatraducciones.com\/en\/declaracion-accesibilidad-wcag-2-1-aa-2\/#breadcrumb","itemListElement":[{"@type":"ListItem","position":1,"name":"Portada","item":"https:\/\/avanzatraducciones.com\/en\/advance-translations-linguistic-services\/"},{"@type":"ListItem","position":2,"name":"ACCESSIBILITY STATEMENT WCAG 2.1 AA"}]},{"@type":"WebSite","@id":"https:\/\/avanzatraducciones.com\/#website","url":"https:\/\/avanzatraducciones.com\/","name":"Avanza Traducciones","description":"Agencia de Traducciones, Interpretaci\u00f3n y Transcripciones","publisher":{"@id":"https:\/\/avanzatraducciones.com\/#organization"},"potentialAction":[{"@type":"SearchAction","target":{"@type":"EntryPoint","urlTemplate":"https:\/\/avanzatraducciones.com\/?s={search_term_string}"},"query-input":"required name=search_term_string"}],"inLanguage":"en-US"},{"@type":"Organization","@id":"https:\/\/avanzatraducciones.com\/#organization","name":"Avanza Traducciones","url":"https:\/\/avanzatraducciones.com\/","logo":{"@type":"ImageObject","inLanguage":"en-US","@id":"https:\/\/avanzatraducciones.com\/#\/schema\/logo\/image\/","url":"https:\/\/avanzatraducciones.com\/wp-content\/uploads\/2024\/05\/logo-avanza-traducciones-blanco-rojo-80.png","contentUrl":"https:\/\/avanzatraducciones.com\/wp-content\/uploads\/2024\/05\/logo-avanza-traducciones-blanco-rojo-80.png","width":262,"height":90,"caption":"Avanza Traducciones"},"image":{"@id":"https:\/\/avanzatraducciones.com\/#\/schema\/logo\/image\/"}}]}},"_links":{"self":[{"href":"https:\/\/avanzatraducciones.com\/en\/wp-json\/wp\/v2\/pages\/1878","targetHints":{"allow":["GET"]}}],"collection":[{"href":"https:\/\/avanzatraducciones.com\/en\/wp-json\/wp\/v2\/pages"}],"about":[{"href":"https:\/\/avanzatraducciones.com\/en\/wp-json\/wp\/v2\/types\/page"}],"author":[{"embeddable":true,"href":"https:\/\/avanzatraducciones.com\/en\/wp-json\/wp\/v2\/users\/2"}],"replies":[{"embeddable":true,"href":"https:\/\/avanzatraducciones.com\/en\/wp-json\/wp\/v2\/comments?post=1878"}],"version-history":[{"count":3,"href":"https:\/\/avanzatraducciones.com\/en\/wp-json\/wp\/v2\/pages\/1878\/revisions"}],"predecessor-version":[{"id":3042,"href":"https:\/\/avanzatraducciones.com\/en\/wp-json\/wp\/v2\/pages\/1878\/revisions\/3042"}],"wp:attachment":[{"href":"https:\/\/avanzatraducciones.com\/en\/wp-json\/wp\/v2\/media?parent=1878"}],"curies":[{"name":"wp","href":"https:\/\/api.w.org\/{rel}","templated":true}]}}